{"id":4069,"date":"2024-11-20T21:13:56","date_gmt":"2024-11-20T21:13:56","guid":{"rendered":"https:\/\/votcorect.ro\/prezidentiale-parlamentare-2024\/?page_id=4069"},"modified":"2024-11-29T08:13:43","modified_gmt":"2024-11-29T08:13:43","slug":"ghiduri-observatori","status":"publish","type":"page","link":"https:\/\/votcorect.ro\/prezidentiale-parlamentare-2024\/observatori\/ghiduri-observatori\/","title":{"rendered":"Ghiduri observatori"},"content":{"rendered":"<p>Documentele sunt publicate de c\u0103tre Coali\u021bia Vot Corect \u0219i sunt destinate observatorilor electorali independen\u021bi.\u00a0Acestea sunt variantele publice ale Manualului Observatorului. Observatorii acredita\u021bi de organiza\u021biile membre ale Coali\u021biei VotCorect sunt ruga\u021bi s\u0103 nu foloseasc\u0103 aceste versiuni ale manualelor<\/p>\n<p>Manualele pot fi desc\u0103rcate liber, \u00eens\u0103 nu pot fi modificate sau copiate f\u0103r\u0103 permisiunea autorilor. Ne puteti scrie la adresa septimius.parvu@expertforum.ro pentru mai multe detalii.<br \/>\n2024 \u00a9 Expert Forum\/Observatorul Electoral \/ Vot Corect<\/p>\n<p>&nbsp;<\/p>\n<p><a href=\"https:\/\/votcorect.ro\/prezidentiale-parlamentare-2024\/wp-content\/uploads\/sites\/12\/2024\/11\/VotCorect_manual-parlamentare-2024-tara_public.pdf\"><img loading=\"lazy\" decoding=\"async\" class=\"alignnone  wp-image-5672\" src=\"https:\/\/votcorect.ro\/prezidentiale-parlamentare-2024\/wp-content\/uploads\/sites\/12\/2024\/11\/manual_parlamentare_tara.png\" alt=\"\" width=\"428\" height=\"611\" \/><\/a><\/p>\n<p><a href=\"https:\/\/votcorect.ro\/prezidentiale-parlamentare-2024\/wp-content\/uploads\/sites\/12\/2024\/11\/VotCorect_manual-parlamentare-2024-tara_public.pdf\">Descarc\u0103 ghid parlamentare (\u021bar\u0103)<\/a><\/p>\n<p><img loading=\"lazy\" decoding=\"async\" class=\"alignnone wp-image-4072\" src=\"https:\/\/votcorect.ro\/prezidentiale-parlamentare-2024\/wp-content\/uploads\/sites\/12\/2024\/11\/ghid_prezidentiale_tara.png\" alt=\"\" width=\"379\" height=\"535\" srcset=\"https:\/\/votcorect.ro\/prezidentiale-parlamentare-2024\/wp-content\/uploads\/sites\/12\/2024\/11\/ghid_prezidentiale_tara.png 652w, https:\/\/votcorect.ro\/prezidentiale-parlamentare-2024\/wp-content\/uploads\/sites\/12\/2024\/11\/ghid_prezidentiale_tara-212x300.png 212w\" sizes=\"auto, (max-width: 379px) 100vw, 379px\" \/><\/p>\n<p><a href=\"https:\/\/votcorect.ro\/prezidentiale-parlamentare-2024\/wp-content\/uploads\/sites\/12\/2024\/11\/manual-prezidentiale-2024-public_24nov.pdf\">Descarc\u0103 ghid preziden\u021biale (\u021bar\u0103)<\/a><\/p>\n<p><img loading=\"lazy\" decoding=\"async\" class=\"alignnone wp-image-4076\" src=\"https:\/\/votcorect.ro\/prezidentiale-parlamentare-2024\/wp-content\/uploads\/sites\/12\/2024\/11\/manual-prez-strainatate.png\" alt=\"\" width=\"383\" height=\"544\" \/><\/p>\n<p><a href=\"https:\/\/votcorect.ro\/prezidentiale-parlamentare-2024\/wp-content\/uploads\/sites\/12\/2024\/11\/manual-prezidentiale-2024_strainatate-final-public_24nov.pdf\">Descarc\u0103 ghid preziden\u021biale (str\u0103in\u0103tate)<\/a><\/p>\n","protected":false},"excerpt":{"rendered":"<p>Documentele sunt publicate de c\u0103tre Coali\u021bia Vot Corect \u0219i sunt destinate observatorilor electorali independen\u021bi.\u00a0Acestea sunt variantele publice ale Manualului Observatorului. Observatorii acredita\u021bi de organiza\u021biile membre ale Coali\u021biei VotCorect sunt ruga\u021bi s\u0103 nu foloseasc\u0103 aceste versiuni ale manualelor Manualele pot fi desc\u0103rcate liber, \u00eens\u0103 nu pot fi modificate sau copiate f\u0103r\u0103 permisiunea autorilor. Ne puteti scrie [&hellip;]<\/p>\n","protected":false},"author":2,"featured_media":0,"parent":2487,"menu_order":0,"comment_status":"closed","ping_status":"closed","template":"","meta":{"_acf_changed":false,"footnotes":""},"class_list":["post-4069","page","type-page","status-publish","hentry"],"acf":[],"_links":{"self":[{"href":"https:\/\/votcorect.ro\/prezidentiale-parlamentare-2024\/wp-json\/wp\/v2\/pages\/4069","targetHints":{"allow":["GET"]}}],"collection":[{"href":"https:\/\/votcorect.ro\/prezidentiale-parlamentare-2024\/wp-json\/wp\/v2\/pages"}],"about":[{"href":"https:\/\/votcorect.ro\/prezidentiale-parlamentare-2024\/wp-json\/wp\/v2\/types\/page"}],"author":[{"embeddable":true,"href":"https:\/\/votcorect.ro\/prezidentiale-parlamentare-2024\/wp-json\/wp\/v2\/users\/2"}],"replies":[{"embeddable":true,"href":"https:\/\/votcorect.ro\/prezidentiale-parlamentare-2024\/wp-json\/wp\/v2\/comments?post=4069"}],"version-history":[{"count":6,"href":"https:\/\/votcorect.ro\/prezidentiale-parlamentare-2024\/wp-json\/wp\/v2\/pages\/4069\/revisions"}],"predecessor-version":[{"id":5673,"href":"https:\/\/votcorect.ro\/prezidentiale-parlamentare-2024\/wp-json\/wp\/v2\/pages\/4069\/revisions\/5673"}],"up":[{"embeddable":true,"href":"https:\/\/votcorect.ro\/prezidentiale-parlamentare-2024\/wp-json\/wp\/v2\/pages\/2487"}],"wp:attachment":[{"href":"https:\/\/votcorect.ro\/prezidentiale-parlamentare-2024\/wp-json\/wp\/v2\/media?parent=4069"}],"curies":[{"name":"wp","href":"https:\/\/api.w.org\/{rel}","templated":true}]}}