{"id":2473,"date":"2024-03-12T16:13:03","date_gmt":"2024-03-12T16:13:03","guid":{"rendered":"https:\/\/votcorect.ro\/euro-locale-2024\/?page_id=2473"},"modified":"2024-03-12T16:13:03","modified_gmt":"2024-03-12T16:13:03","slug":"termeni-si-conditii","status":"publish","type":"page","link":"https:\/\/votcorect.ro\/prezidentiale-parlamentare-2024\/termeni-si-conditii\/","title":{"rendered":"Termeni \u0219i condi\u021bii"},"content":{"rendered":"<p>Bun venit pe site-ul www.votcorect.ro (\u201esite-ul\u201d).<\/p>\n<p>Site-ul este proprietatea Asocia\u021biei<a href=\"https:\/\/expertforum.ro\"> Expert Forum<\/a>, av\u00e2nd sediul pe strada Semilunei 7, nr 1, sector 2, Bucure\u0219ti.<\/p>\n<p>Pe aceast\u0103 pagin\u0103 pute\u021bi consulta politica noastr\u0103 de cookies.<\/p>\n<p>\u00cen cadrul acestor termeni \u0219i condi\u021bii, \u201cnoi\u201d, \u201cnoi\u201d, \u201cai no\u0219tri\u201d \u00eenseamn\u0103 Asocia\u021bia Expert Forum ca administrator \u0219i proprietar al site-ului. Asocia\u021bia Expert Forum \u00ee\u0219i rezerv\u0103 dreptul de a modifica sau actualiza aceste notific\u0103ri legale \u00een orice moment. Orice modific\u0103ri vor intra \u00een vigoare de la data la care sunt postate pe site.<\/p>\n<h4><b>Informa\u021bii despre site \u0219i reguli de utilizare\u00a0<\/b><\/h4>\n<p>Pe acest site ve\u021bi g\u0103si informa\u021bii cu privire la proiectul Vot Corect implementat de Asocia\u021bia Expert Forum si informa\u021bii privind procesele electorale \u0219i referendumuri. Pagina con\u021bine mai multe sec\u021biuni (informa\u021bii generale cu privire la procesele electorale, sesiz\u0103ri, acreditare observatori) care sunt actualizate de c\u0103tre noi constant \u00een perioadele \u00een care sunt organizate alegeri.<\/p>\n<p>Accesarea \u0219i utilizarea site-ului se fac \u00een temeiul \u0219i cu respectarea strict\u0103 a prevederilor acestor Termeni \u0219i Condi\u021bii. Termenii \u0219i Condi\u021biile se aplic\u0103 tuturor utilizatorilor site-ului. Prin continuarea acces\u0103rii site-ului confirma\u021bi c\u0103 a\u021bi citit \u0219i sunte\u021bi de acord cu prevederilor termenilor \u0219i condi\u021biilor de utlizare. Vezi sec\u021biunea <a href=\"https:\/\/docs.google.com\/document\/d\/16sqfYVI-I2oKCdjZ0Xhlni-aFY9Kyz9h\/edit#heading=h.lnxbz9\">Cum pot opri cookie-urile?<\/a><\/p>\n<p>Utilizatorul se oblig\u0103 s\u0103 nu foloseasc\u0103 site-ul pentru a abuza, leza sau \u00eenc\u0103lca \u00een orice fel drepturile, libert\u0103\u021bile sau interesele legitime ale oric\u0103rei persoane fizice \u0219i\/sau juridice, inclusiv ale Asocia\u021biei Expert Forum.<\/p>\n<h4><b>1.1. Proprietate intelectual\u0103<\/b><\/h4>\n<p>Site-ul ofer\u0103 fiec\u0103ruia dintre utilizatori posibilitatea de a accesa con\u021binutul furnizat pe platform\u0103 pentru uz personal.<\/p>\n<p>Prin prezenta sunte\u021bi de acord c\u0103 Asocia\u021bia Expert Forum este proprietarul exclusiv al tuturor drepturilor de proprietate intelectual\u0103 asupra con\u021binutului acestui website, inclusiv asupra textului \u0219i fotografiilor, materialelor video si elementelor de design vizual. Site-ul este licen\u021biat sub <a href=\"https:\/\/web.archive.org\/web\/20201022094503\/https:\/\/creativecommons.org\/licenses\/by\/4.0\/\">Creative Commons Attribution 4.0 International license.<\/a><\/p>\n<p>Asocia\u021bia Expert Forum \u00ee\u0219i rezerv\u0103 dreptul de a schimba (\u0219terge, ad\u0103uga, suspenda, modifica) con\u021binutul website-ului \u00een orice moment.<\/p>\n<p>Pentru detalii suplimentare, v\u0103 rug\u0103m s\u0103 v\u0103 adresa\u021bi Asocia\u021biei Expert Forum, pe adresa de e-mail: electoral@expertforum.ro.<\/p>\n<h4><b>1.2. Reguli privind folosirea func\u021biei de sesiz\u0103ri \u0219i comentarii<\/b><\/h4>\n<p>Func\u021bia de comentarii \u0219i cea de sesiz\u0103ri permit utilizatorilor site-ului s\u0103 furnizeze informa\u021bii \u0219i\/sau materiale relevante (documente, imagini, materiale video). Utilizatorii care folosesc aceste func\u021bii sunt obliga\u021bi s\u0103 se asigure c\u0103 toate informa\u021biile \u0219i\/sau materialele pe care le trimite\u021bi sau le \u00eenc\u0103rca\u021bi pe site sunt legale, decente \u0219i adev\u0103rate, respect\u0103 legisla\u021bia \u00een vigoare, nu \u00eencalc\u0103 drepturile de proprietate intelectual\u0103 sau alte drepturi ale noastre sau ale unei ter\u021be p\u0103r\u021bi. De asemenea v\u0103 obliga\u021bi ca materialele \u00eenc\u0103rcate s\u0103 nu fie def\u0103im\u0103toare, \u00een\u0219el\u0103toare sau \u00een alt mod inacceptabile \u0219i f\u0103r\u0103 erori sau viru\u0219i.<\/p>\n<p>Sunte\u021bi \u0219i r\u0103m\u00e2ne\u021bi \u00een orice moment singurul responsabil pentru materialele furnizate prin aceste func\u021bii.<\/p>\n<p>Sunte\u021bi de acord s\u0103 nu utiliza\u021bi site-ul pentru a publica orice informa\u021bii sau date personale referitoare la o ter\u021b\u0103 parte care ar putea leza drepturile \u0219i imaginea acesteia.<\/p>\n<h4>Comentariile sunt moderate de c\u0103tre administratorul site-ului. Aceste pot suferi modific\u0103ri. Utilizatorul este de acord c\u0103 Asocia\u021bia Expert Forum are dreptul de a modifica, \u0219terge, edita, publica \u0219i utiliza \u00een orice alt mod Con\u021binutul \u00eenc\u0103rcat de Utilizator \u00een vederea post\u0103rii \u0219i orice postare a acestuia pe website (con\u021binutul generat de utilizatori) ca \u0219i component\u0103 a procesului cunoscut sub denumirea de \u201dmoderarea comentariilor\u201d.<\/h4>\n<h4><b>1.3.\u00a0 Prelucrarea datelor personale \u2013 informa\u021bii generale<\/b><\/h4>\n<p>Anumite date personale sunt colectate prin intermediul site-ului \u00een baza consim\u021b\u0103m\u00e2ntului dumneavoastr\u0103. Nu vom colecta date automat, f\u0103r\u0103 acordul dumneavoastr\u0103. Toate informa\u021biile furnizate paginii www.votcorect.ro sunt stocate \u00een siguran\u021b\u0103 \u0219i nu sunt accesibile altor utilizatori ai acestui site web. Aceste reguli de protec\u021bie a datelor \u0219i confiden\u021bialitate se aplic\u0103 informa\u021biilor pe care le furniza\u021bi numai prin intermediul site-ului nostru web. Detaliile privind prelucrarea datelor personale sunt disponibile \u00een Politica noastr\u0103 de confiden\u021bialitate \u0219i de prelucrarea a datelor personale \u0219i \u00een Politica noastr\u0103 privind cookie-urile. Vom colecta informa\u021bii de la dvs. dac\u0103 ve\u021bi completa vreunul din formularele de pe site-ul nostru (sesiz\u0103ri, comentarii sau \u00eenscriere observatori), ne ve\u021bi dona sau dac\u0103 ne ve\u021bi l\u0103sa comentarii sau sesiz\u0103ri.\u00a0 Aceste date vor fi folosite exclusiv \u00een scopul \u00een care v-a\u021bi exprimat consim\u021b\u0103m\u00e2ntul,<\/p>\n<h4><b>1.4. Disclaimers<\/b><\/h4>\n<p>Site-ul poate con\u021bine leg\u0103turi c\u0103tre site-uri \u0219i resurse care nu sunt proprietatea Asocia\u0219iei Expert Forum. Platforma www.votcorect.ro nu are niciun control asupra acestor site-uri \u0219i a resurselor reg\u0103site \u00een acestea \u0219i, prin urmare, nu vom fi r\u0103spunz\u0103tori pentru disponibilitatea acestor site-uri web \u0219i nici pentru con\u021binutul, publicitatea, bunurile, serviciile, software-ul, informa\u021biile sau alte materiale disponibile pe sau prin intermediul acestor site-uri.<\/p>\n<p>Nu suntem responsabili pentru pierderi, orice fel de efecte negative asupra bun\u0103st\u0103rii utilizatorului sau alte daune morale \u0219i patrimoniale cauzate sau legate de orice con\u021binut, publicitate, bunuri, servicii, software, informa\u021bii sau alte materiale disponibile pe sau prin aceste site-uri web. Asocia\u021bia Expert Forum nu va fi responsabil\u0103 pentru func\u021bionalitatea sau performan\u021ba a, spre exemplu, unui software desc\u0103rcat de pe aceste site-uri sau pentru \u00eenc\u0103lcarea drepturilor de proprietate intelectual\u0103 sau a altor drepturi care apar prin intermediul acestor site-uri sau prin utilizarea acestor site-uri. Prin accesarea site-urilor indicate, confirma\u021bi c\u0103 a\u021bi \u00een\u021beles posibilele consecin\u021be ale acces\u0103rii site-urilor indicate \u0219i c\u0103 sunte\u021bi de acord \u0219i accepta\u021bi termenii \u0219i condi\u021biile enun\u021bate mai sus.<\/p>\n<h2><\/h2>\n","protected":false},"excerpt":{"rendered":"<p>Bun venit pe site-ul www.votcorect.ro (\u201esite-ul\u201d). Site-ul este proprietatea Asocia\u021biei Expert Forum, av\u00e2nd sediul pe strada Semilunei 7, nr 1, sector 2, Bucure\u0219ti. Pe aceast\u0103 pagin\u0103 pute\u021bi consulta politica noastr\u0103 de cookies. \u00cen cadrul acestor termeni \u0219i condi\u021bii, \u201cnoi\u201d, \u201cnoi\u201d, \u201cai no\u0219tri\u201d \u00eenseamn\u0103 Asocia\u021bia Expert Forum ca administrator \u0219i proprietar al site-ului. Asocia\u021bia Expert Forum [&hellip;]<\/p>\n","protected":false},"author":2,"featured_media":0,"parent":0,"menu_order":0,"comment_status":"closed","ping_status":"closed","template":"","meta":{"_acf_changed":false,"footnotes":""},"class_list":["post-2473","page","type-page","status-publish","hentry"],"acf":[],"_links":{"self":[{"href":"https:\/\/votcorect.ro\/prezidentiale-parlamentare-2024\/wp-json\/wp\/v2\/pages\/2473","targetHints":{"allow":["GET"]}}],"collection":[{"href":"https:\/\/votcorect.ro\/prezidentiale-parlamentare-2024\/wp-json\/wp\/v2\/pages"}],"about":[{"href":"https:\/\/votcorect.ro\/prezidentiale-parlamentare-2024\/wp-json\/wp\/v2\/types\/page"}],"author":[{"embeddable":true,"href":"https:\/\/votcorect.ro\/prezidentiale-parlamentare-2024\/wp-json\/wp\/v2\/users\/2"}],"replies":[{"embeddable":true,"href":"https:\/\/votcorect.ro\/prezidentiale-parlamentare-2024\/wp-json\/wp\/v2\/comments?post=2473"}],"version-history":[{"count":0,"href":"https:\/\/votcorect.ro\/prezidentiale-parlamentare-2024\/wp-json\/wp\/v2\/pages\/2473\/revisions"}],"wp:attachment":[{"href":"https:\/\/votcorect.ro\/prezidentiale-parlamentare-2024\/wp-json\/wp\/v2\/media?parent=2473"}],"curies":[{"name":"wp","href":"https:\/\/api.w.org\/{rel}","templated":true}]}}