{"id":2472,"date":"2024-03-12T16:13:03","date_gmt":"2024-03-12T16:13:03","guid":{"rendered":"https:\/\/votcorect.ro\/euro-locale-2024\/?page_id=2472"},"modified":"2024-03-12T16:13:03","modified_gmt":"2024-03-12T16:13:03","slug":"politica-cookies","status":"publish","type":"page","link":"https:\/\/votcorect.ro\/prezidentiale-parlamentare-2024\/politica-cookies\/","title":{"rendered":"Cookies"},"content":{"rendered":"<p>Bun venit pe site-ul www.votcorect.ro (\u201esite-ul\u201d).<\/p>\n<p>Site-ul este proprietatea Asocia\u021biei<a href=\"https:\/\/expertforum.ro\"> Expert Forum<\/a>, av\u00e2nd sediul pe strada Semilunei 7, nr 1, sector 2, Bucure\u0219ti.<\/p>\n<p>Pe aceast\u0103 pagin\u0103 pute\u021bi consulta politica noastr\u0103 de cookies.<\/p>\n<h3><mark class=\"underlined\"><b>Politica de cookie-uri<\/b><\/mark><\/h3>\n<p>Site-ul <a href=\"http:\/\/www.votcorect.ro\">www.votcorect.ro<\/a> utilizeaz\u0103 diferite tipuri de cookie-uri. Continu\u00e2nd s\u0103 utiliza\u021bi acest site, sunte\u021bi de acord cu utilizarea acestora.<\/p>\n<p>Informa\u021biile prezentate mai jos \u00ee\u0219i propun s\u0103 ofere utilizatorilor mai multe detalii despre plasarea, utilizarea \u0219i gestionarea cookie-urilor utilizate de site-ul www.votcorect.ro.<\/p>\n<p>Acest site utilizeaz\u0103 cookie-uri pentru a oferi vizitatorilor o experien\u021b\u0103 mai bun\u0103 atunci c\u00e2nd navigheaz\u0103 pe site, precum \u0219i pentru a oferi servicii adaptate nevoilor \u0219i intereselor vizitatorilor.<\/p>\n<p>Cookie-urile ofer\u0103 proprietarilor site-ului un feedback important privind modul \u00een care vizitatorii navigheaz\u0103 pe site-urile web, astfel \u00eenc\u00e2t aceste site-uri web s\u0103 fie mai eficiente \u0219i mai accesibile.<\/p>\n<h4><b>2.1. Ce cookie-uri folose\u0219te acest site?<\/b><\/h4>\n<p>Site-ul nostru utilizeaz\u0103 urm\u0103toarele tipuri de module cookie:<\/p>\n<p><b>Cookie-urile Google Analytics<\/b> \u2013 aceste module cookie furnizeaz\u0103 informa\u021bii anonime \/ agregate despre locul \u00een care v\u0103 afla\u021bi \u0219i despre activitatea de pe site. Acestea monitorizeaz\u0103 modul \u00een care vizitatorii navigheaz\u0103 prin site \u0219i cum au ajuns la el. Acest lucru este folosit pentru a vedea cifrele totale (nu individuale) despre tipurile de con\u021binut pe care le folosesc cei mai mul\u021bi utilizatori sau despre ce ar putea fi o problem\u0103 pentru navigarea pe site.<\/p>\n<p><b>Cookie-urile Google AdWords<\/b> \u2013 aceste cookie-uri ne ajut\u0103 s\u0103 administr\u0103m mai bine site-ul nostru prin analizarea comportamentului vizitatorilor no\u0219tri online. De exemplu, aceste cookie-uri pot urm\u0103ri conversiile de la anumite linkuri de pe site. Astfel, un cookie poate fi generat \u00een computerul unei persoane atunci c\u00e2nd face clic pe un anumit link dintr-un anun\u021b. Aceste date sunt valoroase pentru noi, deoarece ne permit s\u0103 ajungem mai bine la public \u0219i ne arat\u0103 cum s\u0103 oferim vizitatorilor no\u0219tri con\u021binut mai relevant.<\/p>\n<ul id=\"toc\" class=\"cky-vertical-tabs\">\n<li class=\"cky-nav-tab-item active\"><span class=\"cky-nav-tab-item-title\"><a href=\"#Necesar\">Necesare<\/a><\/span><span class=\"cky-nav-tab-sub-title\">(6)<\/span><\/li>\n<li class=\"cky-nav-tab-item\"><span class=\"cky-nav-tab-item-title\"><a href=\"#Func\u021bional\">Func\u021bionale<\/a><\/span><span class=\"cky-nav-tab-sub-title\">(0)<\/span><\/li>\n<li class=\"cky-nav-tab-item\"><span class=\"cky-nav-tab-item-title\"><a href=\"#Analitice\">Analitice<\/a><\/span><span class=\"cky-nav-tab-sub-title\">(2)<\/span><\/li>\n<li class=\"cky-nav-tab-item\"><span class=\"cky-nav-tab-item-title\"><a href=\"#Performan\u021b\u0103\">Performan\u021b\u0103<\/a><\/span><span class=\"cky-nav-tab-sub-title\">(2)<\/span><\/li>\n<li class=\"cky-nav-tab-item\"><span class=\"cky-nav-tab-item-title\"><a href=\"#Publicitate\">Publicitate<\/a><\/span><span class=\"cky-nav-tab-sub-title\">(1)<\/span><\/li>\n<\/ul>\n<hr \/>\n<h2 id=\"Necesar\">Necesare (6)<\/h2>\n<div class=\"cky-nav-tab-section\">\n<div class=\"cky-nav-tab-section-header cky-align-center cky-justify-between\">\n<div class=\"cky-nav-tab-section-title\">\n<div class=\"cky-cookies-title\">\n<h5>Necesare<\/h5>\n<div class=\"cky-popper-container\">\n<div class=\"cky-poppper-trigger\"><\/div>\n<\/div>\n<\/div>\n<div class=\"cky-category-description\">Cookies-ul necesar este necesar pentru a activa func\u021biile de baz\u0103 ale acestui site, cum ar fi furnizarea unui acces sigur la site sau ajustarea preferin\u021belor de consim\u021b\u0103m\u00e2nt. Aceste cookies nu stocheaz\u0103 nicio dat\u0103 identificabil\u0103 personal.<\/div>\n<\/div>\n<\/div>\n<div class=\"cky-nav-tab-section-content\">\n<div>\n<div class=\"cky-cookie-list\">\n<div>\n<p><label class=\"cky-cookie-type-title\"> Cookies auto-declara\u021bi <\/label><\/p>\n<div class=\"cky-row cky-justify-between cky-align-center cky-cookie-details\">\n<div class=\"cky-cookie-details-content cky-col-10\">\n<table>\n<tbody>\n<tr>\n<th>Cookie<\/th>\n<td>wpEmojiSettingsSupports<\/td>\n<\/tr>\n<tr>\n<th>Durat\u0103<\/th>\n<td>sesiune<\/td>\n<\/tr>\n<tr>\n<th>\u00b7<\/th>\n<td>WordPress seteaz\u0103 acest cookie atunci c\u00e2nd un utilizator interac\u021bioneaz\u0103 cu emoji pe un site WordPress. Acesta ajut\u0103 la determinarea dac\u0103 browserul utilizatorului poate afi\u0219a emoji corect.<\/td>\n<\/tr>\n<\/tbody>\n<\/table>\n<\/div>\n<\/div>\n<div class=\"cky-row cky-justify-between cky-align-center cky-cookie-details\">\n<div class=\"cky-cookie-details-content cky-col-10\">\n<table>\n<tbody>\n<tr>\n<th>Cookie<\/th>\n<td>cookieyes-consent<\/td>\n<\/tr>\n<tr>\n<th>Durat\u0103<\/th>\n<td>1 an<\/td>\n<\/tr>\n<tr>\n<th>\u00b7<\/th>\n<td>CookieYes seteaz\u0103 acest cookie pentru a re\u021bine preferin\u021bele de consim\u021b\u0103m\u00e2nt ale utilizatorilor, astfel \u00eenc\u00e2t preferin\u021bele lor s\u0103 fie respectate la vizitele ulterioare pe acest site. Nu colecteaz\u0103 sau stocheaz\u0103 nicio informa\u021bie personal\u0103 despre vizitatorii site-ului.<\/td>\n<\/tr>\n<\/tbody>\n<\/table>\n<\/div>\n<\/div>\n<div class=\"cky-row cky-justify-between cky-align-center cky-cookie-details\">\n<div class=\"cky-cookie-details-content cky-col-10\">\n<table>\n<tbody>\n<tr>\n<th>Cookie<\/th>\n<td>cookielawinfo-checkbox-necessary<\/td>\n<\/tr>\n<tr>\n<th>Durat\u0103<\/th>\n<td>1 an<\/td>\n<\/tr>\n<tr>\n<th>\u00b7<\/th>\n<td>Setat de pluginul GDPR Cookie Consent, acest cookie \u00eenregistreaz\u0103 consim\u021b\u0103m\u00e2ntul utilizatorului pentru cookies-urile din categoria &#8222;Necesar&#8221;.<\/td>\n<\/tr>\n<\/tbody>\n<\/table>\n<\/div>\n<\/div>\n<div class=\"cky-row cky-justify-between cky-align-center cky-cookie-details\">\n<div class=\"cky-cookie-details-content cky-col-10\">\n<table>\n<tbody>\n<tr>\n<th>Cookie<\/th>\n<td>cookielawinfo-checkbox-necessary<\/td>\n<\/tr>\n<tr>\n<th>Durat\u0103<\/th>\n<td>1 an<\/td>\n<\/tr>\n<tr>\n<th>\u00b7<\/th>\n<td>Setat de pluginul GDPR Cookie Consent, acest cookie \u00eenregistreaz\u0103 consim\u021b\u0103m\u00e2ntul utilizatorului pentru cookies-urile din categoria &#8222;Necesar&#8221;.<\/td>\n<\/tr>\n<\/tbody>\n<\/table>\n<\/div>\n<\/div>\n<div class=\"cky-row cky-justify-between cky-align-center cky-cookie-details\">\n<div class=\"cky-cookie-details-content cky-col-10\">\n<table>\n<tbody>\n<tr>\n<th>Cookie<\/th>\n<td>CookieConsent<\/td>\n<\/tr>\n<tr>\n<th>Durat\u0103<\/th>\n<td>1 an 1 lun\u0103 4 zile<\/td>\n<\/tr>\n<tr>\n<th>\u00b7<\/th>\n<td>Acest cookie stocheaz\u0103 starea de consim\u021b\u0103m\u00e2nt a utilizatorului pentru domeniul curent.<\/td>\n<\/tr>\n<\/tbody>\n<\/table>\n<\/div>\n<\/div>\n<div class=\"cky-row cky-justify-between cky-align-center cky-cookie-details\">\n<div class=\"cky-cookie-details-content cky-col-10\">\n<table>\n<tbody>\n<tr>\n<th>Cookie<\/th>\n<td>JSESSIONID<\/td>\n<\/tr>\n<tr>\n<th>Durat\u0103<\/th>\n<td>sesiune<\/td>\n<\/tr>\n<tr>\n<th>\u00b7<\/th>\n<td>New Relic folose\u0219te acest cookie pentru a stoca un identificator de sesiune, astfel \u00eenc\u00e2t New Relic s\u0103 poat\u0103 monitoriza num\u0103rul de sesiuni pentru o aplica\u021bie.<\/td>\n<\/tr>\n<\/tbody>\n<\/table>\n<\/div>\n<\/div>\n<\/div>\n<\/div>\n<\/div>\n<\/div>\n<\/div>\n<hr \/>\n<h2 id=\"Func\u021bional\">Func\u021bionale (0)<\/h2>\n<hr \/>\n<h2 id=\"Analitice\">Analitice (2)<\/h2>\n<div class=\"cky-nav-tab-section\">\n<div class=\"cky-nav-tab-section-header cky-align-center cky-justify-between\">\n<div class=\"cky-nav-tab-section-title\">\n<div class=\"cky-cookies-title\">\n<h5>Analitice<\/h5>\n<div class=\"cky-popper-container\">\n<div class=\"cky-poppper-trigger\"><\/div>\n<\/div>\n<\/div>\n<div class=\"cky-category-description\">Cookies-urile analitice sunt utilizate pentru a \u00een\u021belege modul \u00een care vizitatorii interac\u021bioneaz\u0103 cu site-ul. Aceste cookies ajut\u0103 la furnizarea de informa\u021bii despre metrici precum num\u0103rul de vizitatori, tasa de rebund, sursa traficului, etc.<\/div>\n<\/div>\n<\/div>\n<div class=\"cky-nav-tab-section-content\">\n<div>\n<div class=\"cky-cookie-list\">\n<div>\n<p><label class=\"cky-cookie-type-title\"> Cookies auto-declara\u021bi <\/label><\/p>\n<div class=\"cky-row cky-justify-between cky-align-center cky-cookie-details\">\n<div class=\"cky-cookie-details-content cky-col-10\">\n<table>\n<tbody>\n<tr>\n<th>Cookie<\/th>\n<td>_ga<\/td>\n<\/tr>\n<tr>\n<th>Durat\u0103<\/th>\n<td>1 an 1 lun\u0103 4 zile<\/td>\n<\/tr>\n<tr>\n<th>\u00b7<\/th>\n<td>Google Analytics seteaz\u0103 acest cookie pentru a calcula datele vizitatorului, sesiunii \u0219i campaniei \u0219i pentru a urm\u0103ri utilizarea site-ului pentru raportul de analitice al site-ului. Cookie-ul stocheaz\u0103 informa\u021bii anonim \u0219i atribuie un num\u0103r generat aleatoriu pentru a recunoa\u0219te vizitatorii unici.<\/td>\n<\/tr>\n<\/tbody>\n<\/table>\n<\/div>\n<\/div>\n<div class=\"cky-row cky-justify-between cky-align-center cky-cookie-details\">\n<div class=\"cky-cookie-details-content cky-col-10\">\n<table>\n<tbody>\n<tr>\n<th>Cookie<\/th>\n<td>_gid<\/td>\n<\/tr>\n<tr>\n<th>Durat\u0103<\/th>\n<td>1 zi<\/td>\n<\/tr>\n<tr>\n<th>\u00b7<\/th>\n<td>Google Analytics seteaz\u0103 acest cookie pentru a stoca informa\u021bii despre modul \u00een care vizitatorii folosesc un site, \u00een timp ce creeaz\u0103, de asemenea, un raport de analitice al performan\u021bei site-ului. Unele dintre datele colectate includ num\u0103rul de vizitatori, sursa lor \u0219i paginile pe care le viziteaz\u0103 anonim.<\/td>\n<\/tr>\n<\/tbody>\n<\/table>\n<\/div>\n<\/div>\n<\/div>\n<\/div>\n<\/div>\n<\/div>\n<\/div>\n<hr \/>\n<h2 id=\"Performan\u021b\u0103\">Performan\u021b\u0103 (2)<\/h2>\n<div class=\"cky-nav-tab-section\">\n<div class=\"cky-nav-tab-section-header cky-align-center cky-justify-between\">\n<div class=\"cky-nav-tab-section-title\">\n<div class=\"cky-cookies-title\">\n<h5>Performan\u021b\u0103<\/h5>\n<div class=\"cky-popper-container\">\n<div class=\"cky-poppper-trigger\"><\/div>\n<\/div>\n<\/div>\n<div class=\"cky-category-description\">Cookies-urile de performan\u021b\u0103 sunt utilizate pentru a \u00een\u021belege \u0219i analiza indexele de performan\u021b\u0103 cheie ale site-ului, ceea ce ajut\u0103 la oferirea unei experien\u021be mai bune pentru vizitatori.<\/div>\n<\/div>\n<\/div>\n<div class=\"cky-nav-tab-section-content\">\n<div>\n<div class=\"cky-cookie-list\">\n<div>\n<p><label class=\"cky-cookie-type-title\"> Cookies auto-declara\u021bi <\/label><\/p>\n<div class=\"cky-row cky-justify-between cky-align-center cky-cookie-details\">\n<div class=\"cky-cookie-details-content cky-col-10\">\n<table>\n<tbody>\n<tr>\n<th>Cookie<\/th>\n<td>_gat<\/td>\n<\/tr>\n<tr>\n<th>Durat\u0103<\/th>\n<td>1 minut<\/td>\n<\/tr>\n<tr>\n<th>\u00b7<\/th>\n<td>Google Universal Analytics seteaz\u0103 acest cookie pentru a limita ratele de cerere \u0219i, astfel, limitarea colect\u0103rii de date pe site-urile cu trafic mare.<\/td>\n<\/tr>\n<\/tbody>\n<\/table>\n<\/div>\n<\/div>\n<div class=\"cky-row cky-justify-between cky-align-center cky-cookie-details\">\n<div class=\"cky-cookie-details-content cky-col-10\">\n<table>\n<tbody>\n<tr>\n<th>Cookie<\/th>\n<td>SERVERID<\/td>\n<\/tr>\n<tr>\n<th>Durat\u0103<\/th>\n<td>sesiune<\/td>\n<\/tr>\n<tr>\n<th>\u00b7<\/th>\n<td>Acest cookie este setat de HAProxy load balancer al Slideshare pentru a atribui vizitatorului un server specific.<\/td>\n<\/tr>\n<\/tbody>\n<\/table>\n<\/div>\n<\/div>\n<\/div>\n<\/div>\n<\/div>\n<\/div>\n<\/div>\n<hr \/>\n<h2 id=\"Publicitate\">Publicitate (1)<\/h2>\n<div class=\"cky-nav-tab-section\">\n<div class=\"cky-nav-tab-section-header cky-align-center cky-justify-between\">\n<div class=\"cky-nav-tab-section-title\">\n<div class=\"cky-cookies-title\">\n<h5>Publicitate<\/h5>\n<div class=\"cky-popper-container\">\n<div class=\"cky-poppper-trigger\"><\/div>\n<\/div>\n<\/div>\n<div class=\"cky-category-description\">Cookies-urile de publicitate sunt utilizate pentru a oferi vizitatorilor publicitate personalizat\u0103 pe baza paginilor pe care le-a\u021bi vizitat anterior \u0219i pentru a analiza eficacitatea campaniilor publicitare.<\/div>\n<\/div>\n<\/div>\n<div class=\"cky-nav-tab-section-content\">\n<div>\n<div class=\"cky-cookie-list\">\n<div>\n<p><label class=\"cky-cookie-type-title\"> Cookies auto-declara\u021bi <\/label><\/p>\n<div class=\"cky-row cky-justify-between cky-align-center cky-cookie-details\">\n<div class=\"cky-cookie-details-content cky-col-10\">\n<table>\n<tbody>\n<tr>\n<th>Cookie<\/th>\n<td>NID<\/td>\n<\/tr>\n<tr>\n<th>Durat\u0103<\/th>\n<td>6 luni<\/td>\n<\/tr>\n<tr>\n<th>\u00b7<\/th>\n<td>Google seteaz\u0103 acest cookie pentru scopuri de publicitate; pentru a limita num\u0103rul de ori c\u00e2nd utilizatorul vede o reclam\u0103, pentru a dezactiva reclamele nedorite \u0219i pentru a m\u0103sura eficacitatea reclamelor.<\/td>\n<\/tr>\n<\/tbody>\n<\/table>\n<\/div>\n<\/div>\n<\/div>\n<\/div>\n<\/div>\n<\/div>\n<\/div>\n<hr \/>\n<h3><\/h3>\n<h4><mark class=\"underlined\"><b>Afl\u0103 mai multe despre cookie-uri<\/b><\/mark><\/h4>\n<h4><b>Ce este un \u201ecookie\u201d?<\/b><\/h4>\n<p>Un \u201einternet cookie\u201d (cunoscut \u0219i sub numele de \u201ecookie de browser\u201d, \u201ecookie HTTP\u201d sau pur \u0219i simplu \u201ecookie\u201d) este un fi\u0219ier cu dimensiuni mici, format din litere \u0219i numere care este stocat pe computerul sau telefon de pe care utilizatorul acceseaz\u0103 internetul.<\/p>\n<p>Un cookie este format din dou\u0103 p\u0103r\u021bi: numele \u0219i con\u021binutul (sau valoarea). Mai mult dec\u00e2t at\u00e2t, durata de via\u021b\u0103 a unui modul cookie este limitat\u0103. Din punct de vedere tehnic, numai serverul web care a trimis cookie-ul \u00eel poate accesa din nou atunci c\u00e2nd utilizatorul revine pe site-ul asociat cu acel server web.<\/p>\n<p>Cookie-urile \u00een sine nu necesit\u0103 date personale pentru a fi utilizate \u0219i, \u00een majoritatea cazurilor, nu identific\u0103 utilizatorii de internet.<\/p>\n<p>Exist\u0103 dou\u0103 categorii principale de cookie-uri. Cookie-urile de sesiune sunt create temporar \u00een subfolderul browserului dvs. \u00een timp ce vizita\u021bi un site Web. Dup\u0103 ce p\u0103r\u0103si\u021bi site-ul web, acesta este \u0219ters. Fi\u0219ierele cookie \u201cpersistente\u201d r\u0103m\u00e2n \u00een subfolderul browserului dvs. \u0219i sunt activate din nou odat\u0103 ce vizita\u021bi site-ul web care a creat respectivul modul cookie. Un cookie persistent r\u0103m\u00e2ne \u00een subfolderul browser-ului pentru perioada setat\u0103 \u00een fi\u0219ierul cookie-ului.<\/p>\n<h4><b>Care este durata de via\u021b\u0103 a unui modul cookie?<\/b><\/h4>\n<p>Durata de via\u021b\u0103 a unui modul cookie poate varia \u00een mod semnificativ, \u00een func\u021bie de scopul pentru care este plasat. Dup\u0103 cum am men\u021bionat mai sus, unele cookie-uri sunt folosite exclusiv pentru o singur\u0103 sesiune (cookie-uri de sesiune) \u0219i nu se p\u0103streaz\u0103 dup\u0103 ce utilizatorul p\u0103r\u0103se\u0219te site-ul web, \u00een \u200b\u200btimp ce alte cookie-uri sunt p\u0103strate \u0219i reutilizate de fiecare dat\u0103 c\u00e2nd utilizatorul revine pe site-ul respectiv. Cu toate acestea, modulele cookie pot fi \u0219terse de un utilizator \u00een orice moment, din set\u0103rile browserului.<\/p>\n<h4><b>Ce sunt cookie-urile ter\u021b\u0103 parte?<\/b><\/h4>\n<p>Unele sec\u021biuni de con\u021binut de pe site-urile noastre pot fi furnizate prin ter\u021be p\u0103r\u021bi \/ furnizori (de exemplu, un videoclip). Astfel de ter\u021be p\u0103r\u021bi pot plasa aceste cookie-uri pe site-ul web (numite \u201emodule cookie ter\u021b\u0103 parte\u201d, deoarece acestea nu sunt plasate de c\u0103tre proprietarul site-ului). Furnizorii ter\u021bi trebuie, de asemenea, s\u0103 respecte reglement\u0103rile legale \u00een vigoare \u0219i politicile de confiden\u021bialitate ale proprietarului site-ului web.<\/p>\n<h4><b>Adapta\u021bi set\u0103rile browserului la cookie-uri<\/b><\/h4>\n<p>Dac\u0103 sunte\u021bi singura persoan\u0103 care utilizeaz\u0103 computerul, pute\u021bi stabili un termen lung de expirare pentru istoricul navig\u0103rii. Dac\u0103 partaja\u021bi computerul, v\u0103 recomand\u0103m s\u0103 seta\u021bi browserul s\u0103 \u0219terge datele de navigare de fiecare dat\u0103 c\u00e2nd \u00eenchide\u021bi browserul.<\/p>\n<h4><b>Cum pot opri cookie-urile?<\/b><\/h4>\n<p>Majoritatea browserelor de internet sunt configurate ini\u021bial pentru a accepta automat cookie-urile.<\/p>\n<p>Utilizatorii \u00ee\u0219i pot configura browserul pentru a respinge toate fi\u0219ierele cookie sau pentru a alerta utilizatorul atunci c\u00e2nd modulele cookie sunt trimise c\u0103tre dispozitiv<\/p>\n<p>Este important s\u0103 re\u021bine\u021bi c\u0103 dezactivarea sau refuzul de a primi cookie-urile pot face anumite sec\u021biuni dificil de vizualizat \u0219i de utilizat.<\/p>\n<p>Toate browserele moderne ofer\u0103 posibilitatea de a schimba set\u0103rile cookie-urilor. Aceste set\u0103ri pot fi g\u0103site de obicei \u00een sec\u021biunile \u201eop\u021biuni\u201d sau \u00een \u201epreferin\u021be\u201d din set\u0103rile browserului.<\/p>\n<p>Pentru a \u00een\u021belege aceste set\u0103ri, utiliza\u021bi op\u021biunea \u201eajutor\u201d din set\u0103rile browserului.<\/p>\n<p>Vede\u021bi mai jos cum se pot opri cookie-urile \u00een cele mai frecvente browsere<\/p>\n<ul>\n<li><a href=\"https:\/\/support.microsoft.com\/en-us\/help\/17442\/windows-internet-explorer-delete-manage-cookies\">Internet Explorer<\/a><\/li>\n<li><a href=\"https:\/\/support.mozilla.org\/en-US\/kb\/enable-and-disable-cookies-website-preferences\">Firefox<\/a><\/li>\n<li><a href=\"https:\/\/support.google.com\/chrome\/answer\/95647\">Chrome<\/a><\/li>\n<li><a href=\"https:\/\/support.apple.com\/kb\/ph21411\">Safari<\/a><\/li>\n<\/ul>\n<h2><\/h2>\n","protected":false},"excerpt":{"rendered":"<p>Bun venit pe site-ul www.votcorect.ro (\u201esite-ul\u201d). Site-ul este proprietatea Asocia\u021biei Expert Forum, av\u00e2nd sediul pe strada Semilunei 7, nr 1, sector 2, Bucure\u0219ti. Pe aceast\u0103 pagin\u0103 pute\u021bi consulta politica noastr\u0103 de cookies. Politica de cookie-uri Site-ul www.votcorect.ro utilizeaz\u0103 diferite tipuri de cookie-uri. Continu\u00e2nd s\u0103 utiliza\u021bi acest site, sunte\u021bi de acord cu utilizarea acestora. Informa\u021biile prezentate [&hellip;]<\/p>\n","protected":false},"author":2,"featured_media":0,"parent":0,"menu_order":0,"comment_status":"closed","ping_status":"closed","template":"","meta":{"_acf_changed":false,"footnotes":""},"class_list":["post-2472","page","type-page","status-publish","hentry"],"acf":[],"_links":{"self":[{"href":"https:\/\/votcorect.ro\/prezidentiale-parlamentare-2024\/wp-json\/wp\/v2\/pages\/2472","targetHints":{"allow":["GET"]}}],"collection":[{"href":"https:\/\/votcorect.ro\/prezidentiale-parlamentare-2024\/wp-json\/wp\/v2\/pages"}],"about":[{"href":"https:\/\/votcorect.ro\/prezidentiale-parlamentare-2024\/wp-json\/wp\/v2\/types\/page"}],"author":[{"embeddable":true,"href":"https:\/\/votcorect.ro\/prezidentiale-parlamentare-2024\/wp-json\/wp\/v2\/users\/2"}],"replies":[{"embeddable":true,"href":"https:\/\/votcorect.ro\/prezidentiale-parlamentare-2024\/wp-json\/wp\/v2\/comments?post=2472"}],"version-history":[{"count":0,"href":"https:\/\/votcorect.ro\/prezidentiale-parlamentare-2024\/wp-json\/wp\/v2\/pages\/2472\/revisions"}],"wp:attachment":[{"href":"https:\/\/votcorect.ro\/prezidentiale-parlamentare-2024\/wp-json\/wp\/v2\/media?parent=2472"}],"curies":[{"name":"wp","href":"https:\/\/api.w.org\/{rel}","templated":true}]}}