{"id":12,"date":"2024-01-28T08:15:48","date_gmt":"2024-01-28T08:15:48","guid":{"rendered":"https:\/\/votcorect.ro\/europarlamentare-2024\/?page_id=12"},"modified":"2024-01-28T08:15:48","modified_gmt":"2024-01-28T08:15:48","slug":"contact","status":"publish","type":"page","link":"https:\/\/votcorect.ro\/prezidentiale-parlamentare-2024\/contact\/","title":{"rendered":"Contact"},"content":{"rendered":"<p>Aceast\u0103 platform\u0103 este dezvoltat\u0103 de Expert Forum.<\/p>\n<p>Ne g\u0103si\u021bi pe str. Semilunei 7, apt 1, Bucure\u0219ti, Sector 2, <a href=\"tel:0212117400\"><small>(+40)<\/small>\u00a021 211 7400<\/a>.<\/p>\n<p>Pentru orice \u00eentreb\u0103ri legate de con\u021binut, v\u0103 rug\u0103m s\u0103 ne contacta\u021bi la electoral@expertforum.<\/p>\n<p>&nbsp;<\/p>\n","protected":false},"excerpt":{"rendered":"<p>Aceast\u0103 platform\u0103 este dezvoltat\u0103 de Expert Forum. Ne g\u0103si\u021bi pe str. Semilunei 7, apt 1, Bucure\u0219ti, Sector 2, (+40)\u00a021 211 7400. Pentru orice \u00eentreb\u0103ri legate de con\u021binut, v\u0103 rug\u0103m s\u0103 ne contacta\u021bi la electoral@expertforum. &nbsp;<\/p>\n","protected":false},"author":2,"featured_media":0,"parent":0,"menu_order":0,"comment_status":"closed","ping_status":"closed","template":"","meta":{"_acf_changed":false,"footnotes":""},"class_list":["post-12","page","type-page","status-publish","hentry"],"acf":[],"_links":{"self":[{"href":"https:\/\/votcorect.ro\/prezidentiale-parlamentare-2024\/wp-json\/wp\/v2\/pages\/12","targetHints":{"allow":["GET"]}}],"collection":[{"href":"https:\/\/votcorect.ro\/prezidentiale-parlamentare-2024\/wp-json\/wp\/v2\/pages"}],"about":[{"href":"https:\/\/votcorect.ro\/prezidentiale-parlamentare-2024\/wp-json\/wp\/v2\/types\/page"}],"author":[{"embeddable":true,"href":"https:\/\/votcorect.ro\/prezidentiale-parlamentare-2024\/wp-json\/wp\/v2\/users\/2"}],"replies":[{"embeddable":true,"href":"https:\/\/votcorect.ro\/prezidentiale-parlamentare-2024\/wp-json\/wp\/v2\/comments?post=12"}],"version-history":[{"count":0,"href":"https:\/\/votcorect.ro\/prezidentiale-parlamentare-2024\/wp-json\/wp\/v2\/pages\/12\/revisions"}],"wp:attachment":[{"href":"https:\/\/votcorect.ro\/prezidentiale-parlamentare-2024\/wp-json\/wp\/v2\/media?parent=12"}],"curies":[{"name":"wp","href":"https:\/\/api.w.org\/{rel}","templated":true}]}}