{"id":10,"date":"2023-11-29T09:31:19","date_gmt":"2023-11-29T09:31:19","guid":{"rendered":"https:\/\/votcorect.ro\/euro-2024\/?page_id=7"},"modified":"2024-12-16T13:28:42","modified_gmt":"2024-12-16T13:28:42","slug":"text-homepage","status":"publish","type":"page","link":"https:\/\/votcorect.ro\/prezidentiale-parlamentare-2024\/","title":{"rendered":"Vot Corect &#8211; Alegeri preziden\u021biale \u0219i parlamentare 2024"},"content":{"rendered":"<div class=\"row\">\n<div class=\"col-lg-6\">\n<ul class=\"list-unstyled mt-2\">\n<li class=\"mb-1\" style=\"line-height: 1.25; margin-bottom: .3ex;\">\u2705 Pute\u021bi trimite <a href=\"https:\/\/votcorect.ro\/prezidentiale-parlamentare-2024\/sesizare\/\">sesiz\u0103ri<\/a> \u0219i raporta nereguli legate de alegeri<\/li>\n<li class=\"mb-1\" style=\"line-height: 1.25; margin-bottom: .3ex;\">\u2705 <a href=\"https:\/\/votcorect.ro\/prezidentiale-parlamentare-2024\/reguli\/\">G\u0103si\u021bi reguli\/\u00eentreb\u0103ri<\/a> frecvente despre procesul electoral<\/li>\n<li style=\"line-height: 1.25; margin-bottom: .3ex;\">\u2705 Acredit\u0103m observatori independen\u021bi pentru zilele vot\u0103rii<\/li>\n<\/ul>\n<p>&nbsp;<\/p>\n<p>&nbsp;<\/p>\n<p>&nbsp;<\/p>\n<p style=\"text-align: left;\"><small><span class=\"il\"><small>Alegerile preziden\u021biale au loc pe <strong>24 noiembrie<\/strong> (+22 \u0219i 23 noiembrie \u00een str\u0103in\u0103tate) \u0219i <strong>8 decembrie<\/strong> (+6 \u0219i 7 decembrie \u00een str\u0103in\u0103tate), iar cele parlamentare pe <strong>1 decembrie<\/strong> (+30 noiembrie \u00een str\u0103in\u0103tate).<\/small><\/span><\/small><\/p>\n<p style=\"text-align: left;\"><small><span class=\"il\"><small><br \/>\n<small><em>* Acest site are titlu informativ. Pentru informa\u021bii oficiale furnizate de institu\u021bii, v\u0103 rug\u0103m s\u0103 consulta\u021bi paginile BEC \u0219i AEP.\u00a0<\/em><\/small><br \/>\n<\/small><\/span><\/small><\/p>\n<hr>\n<p><small class=\"small mt-4\"><br \/>\n<a class=\"btn btn-primary md-btn text-white small btn-sm\" href=\"\/sectii-vot-strainatate\" style=\"font-size: .85em;\"><span class=\"text-white\" style=\"color: white; \">\ud83c\udf0e Harta  sec\u021biilor de vot din <b>str\u0103in\u0103tate<\/b><\/span><\/a> <\/p>\n<p><\/small>\n<\/div>\n<div class=\"col-lg-6\">\n<p><img loading=\"lazy\" decoding=\"async\" class=\"wp-image-2650 alignleft\" src=\"https:\/\/votcorect.ro\/prezidentiale-parlamentare-2024\/wp-content\/uploads\/sites\/12\/2024\/04\/call-center-300x300.png\" alt=\"\" width=\"71\" height=\"71\" srcset=\"https:\/\/votcorect.ro\/prezidentiale-parlamentare-2024\/wp-content\/uploads\/sites\/12\/2024\/04\/call-center-300x300.png 300w, https:\/\/votcorect.ro\/prezidentiale-parlamentare-2024\/wp-content\/uploads\/sites\/12\/2024\/04\/call-center-150x150.png 150w, https:\/\/votcorect.ro\/prezidentiale-parlamentare-2024\/wp-content\/uploads\/sites\/12\/2024\/04\/call-center.png 320w\" sizes=\"auto, (max-width: 71px) 100vw, 71px\" \/><small><span class=\"il\"><small>\u00cen preziua \u0219i \u00een ziua alegerilor ne pute\u021bi contacta \u0219i prin call center, pentru asisten\u021b\u0103 electoral\u0103.<\/small><\/span><\/small><\/p>\n<hr \/>\n<div class=\"gmail_default\"><\/div>\n<div class=\"gmail_default\"><small><strong><span class=\"il\">0800<\/span>\u00a0460 002<\/strong>\u00a0*gratuit \u00een Rom\u00e2nia<\/small><\/div>\n<div class=\"gmail_default\"><small><strong>0318.222.800<\/strong>\u00a0*tarif normal pentru str\u0103in\u0103tate<\/small><\/div>\n<div class=\"gmail_default\"><small>Call Center-ul va fi activ s\u00e2mb\u0103ta (10-21) \u0219i duminica (7-22), pentru fiecare scrutin. Ne puteti scrie \u0219i pe <a href=\"mailto:electoral@expertforum.ro\">e-mail<\/a> sau <a href=\"https:\/\/www.facebook.com\/ExpertForum\">Facebook<\/a>.<\/small><\/div>\n<div>\u00centruc\u00e2t este un program care se bazeaz\u0103 pe voluntariat, <a href=\"https:\/\/expertforum.ro\/doneaza\/\">ne pute\u021bi sus\u021bine cu o dona\u021bie<\/a>.<\/div>\n<\/div>\n<\/div>\n","protected":false},"excerpt":{"rendered":"<p>\u2705 Pute\u021bi trimite sesiz\u0103ri \u0219i raporta nereguli legate de alegeri \u2705 G\u0103si\u021bi reguli\/\u00eentreb\u0103ri frecvente despre procesul electoral \u2705 Acredit\u0103m observatori independen\u021bi pentru zilele vot\u0103rii &nbsp; &nbsp; &nbsp; Alegerile preziden\u021biale au loc pe 24 noiembrie (+22 \u0219i 23 noiembrie \u00een str\u0103in\u0103tate) \u0219i 8 decembrie (+6 \u0219i 7 decembrie \u00een str\u0103in\u0103tate), iar cele parlamentare pe 1 decembrie [&hellip;]<\/p>\n","protected":false},"author":5,"featured_media":3795,"parent":0,"menu_order":0,"comment_status":"closed","ping_status":"closed","template":"","meta":{"_acf_changed":false,"footnotes":""},"class_list":["post-10","page","type-page","status-publish","has-post-thumbnail","hentry"],"acf":[],"_links":{"self":[{"href":"https:\/\/votcorect.ro\/prezidentiale-parlamentare-2024\/wp-json\/wp\/v2\/pages\/10","targetHints":{"allow":["GET"]}}],"collection":[{"href":"https:\/\/votcorect.ro\/prezidentiale-parlamentare-2024\/wp-json\/wp\/v2\/pages"}],"about":[{"href":"https:\/\/votcorect.ro\/prezidentiale-parlamentare-2024\/wp-json\/wp\/v2\/types\/page"}],"author":[{"embeddable":true,"href":"https:\/\/votcorect.ro\/prezidentiale-parlamentare-2024\/wp-json\/wp\/v2\/users\/5"}],"replies":[{"embeddable":true,"href":"https:\/\/votcorect.ro\/prezidentiale-parlamentare-2024\/wp-json\/wp\/v2\/comments?post=10"}],"version-history":[{"count":63,"href":"https:\/\/votcorect.ro\/prezidentiale-parlamentare-2024\/wp-json\/wp\/v2\/pages\/10\/revisions"}],"predecessor-version":[{"id":6504,"href":"https:\/\/votcorect.ro\/prezidentiale-parlamentare-2024\/wp-json\/wp\/v2\/pages\/10\/revisions\/6504"}],"wp:featuredmedia":[{"embeddable":true,"href":"https:\/\/votcorect.ro\/prezidentiale-parlamentare-2024\/wp-json\/wp\/v2\/media\/3795"}],"wp:attachment":[{"href":"https:\/\/votcorect.ro\/prezidentiale-parlamentare-2024\/wp-json\/wp\/v2\/media?parent=10"}],"curies":[{"name":"wp","href":"https:\/\/api.w.org\/{rel}","templated":true}]}}