{"id":569,"date":"2018-09-19T08:29:38","date_gmt":"2018-09-19T08:29:38","guid":{"rendered":"https:\/\/votcorect.ro\/prezidentiale-2019\/?page_id=569"},"modified":"2019-05-23T19:40:32","modified_gmt":"2019-05-23T19:40:32","slug":"despre-noi","status":"publish","type":"page","link":"https:\/\/votcorect.ro\/prezidentiale-2019\/despre-noi\/","title":{"rendered":"Despre noi \/ contact"},"content":{"rendered":"<hr \/>\n<p style=\"text-align: left;\">Platforma <a href=\"https:\/\/votcorect.ro\">Vot Corect<\/a> este administrat\u0103 de <a href=\"https:\/\/expertforum.ro\">Asocia\u021bia Expert Forum.\u00a0<\/a><br \/>\n<small><\/small><\/p>\n<p><small>Pentru orice comentarii sau \u00eentreb\u0103ri, ne pute\u021bi contacta la <a href=\"mailto:septimius.parvu@expertforum.ro\">septimius.parvu@expertforum.ro<\/a> \/\u00a0 <a href=\"tel:0787638315\">0787.638.315<\/a>.<\/small><\/p>\n<header class=\"entry-header\"><\/header>\n<div><\/div>\n<p><img loading=\"lazy\" decoding=\"async\" class=\"wp-image-575 \" src=\"https:\/\/votcorect.ro\/prezidentiale-2019\/wp-content\/uploads\/sites\/5\/2018\/09\/expert-forum.jpg\" alt=\"\" width=\"107\" height=\"58\" srcset=\"https:\/\/votcorect.ro\/prezidentiale-2019\/wp-content\/uploads\/sites\/5\/2018\/09\/expert-forum.jpg 400w, https:\/\/votcorect.ro\/prezidentiale-2019\/wp-content\/uploads\/sites\/5\/2018\/09\/expert-forum-300x162.jpg 300w\" sizes=\"auto, (max-width: 107px) 100vw, 107px\" \/><br \/>\n<strong><a href=\"https:\/\/expertforum.ro\">Expert Forum<\/a><\/strong> este un un think tank din Bucure\u015fti \u00eenfiin\u0163at de exper\u0163i cunoscu\u0163i \u00een politici publice \u015fi reforma administra\u0163iei. Domeniile pe care le acoperim includ: reforma administra\u0163iei \u015fi integritate; descentralizare \u015fi finan\u0163e publice; reforma justi\u0163iei \u015fi anticorup\u0163ie; politici sociale \u015fi pensii; energie \u015fi transporturi; s\u0103n\u0103tate; procese electorale \u015fi cet\u0103\u0163enie activ\u0103.<\/p>\n<p>&nbsp;<\/p>\n<p><img loading=\"lazy\" decoding=\"async\" class=\"wp-image-578 \" src=\"https:\/\/votcorect.ro\/prezidentiale-2019\/wp-content\/uploads\/sites\/5\/2018\/09\/observatorul_electoral.jpg\" alt=\"\" width=\"109\" height=\"109\" srcset=\"https:\/\/votcorect.ro\/prezidentiale-2019\/wp-content\/uploads\/sites\/5\/2018\/09\/observatorul_electoral.jpg 320w, https:\/\/votcorect.ro\/prezidentiale-2019\/wp-content\/uploads\/sites\/5\/2018\/09\/observatorul_electoral-150x150.jpg 150w, https:\/\/votcorect.ro\/prezidentiale-2019\/wp-content\/uploads\/sites\/5\/2018\/09\/observatorul_electoral-300x300.jpg 300w\" sizes=\"auto, (max-width: 109px) 100vw, 109px\" \/><br \/>\n<strong><a href=\"https:\/\/www.facebook.com\/pg\/Observatorul-Electoral-307266686310878\/about\/?ref=page_internal\">Observatorul Electoral<\/a><\/strong>: Resurse, informa\u0163ii \u015fi instruc\u0163iuni pentru observatori.<\/p>\n<hr \/>\n<h4>Cu sprijinul<\/h4>\n<p><a href=\"https:\/\/g4d.ro\">Geeks for Democracy<\/a>, <a href=\"https:\/\/www.facebook.com\/code4romania\/\">Code4Romania\u00a0<\/a>, <a href=\"https:\/\/www.facebook.com\/FondulPentruDemocratie\/\">Fondul pentru Democratie<\/a><\/p>\n","protected":false},"excerpt":{"rendered":"<p>Platforma Vot Corect este administrat\u0103 de Asocia\u021bia Expert Forum.\u00a0 Pentru orice comentarii sau \u00eentreb\u0103ri, ne pute\u021bi contacta la septimius.parvu@expertforum.ro \/\u00a0 0787.638.315. Expert Forum este un un think tank din Bucure\u015fti \u00eenfiin\u0163at de exper\u0163i cunoscu\u0163i \u00een politici publice \u015fi reforma administra\u0163iei. Domeniile pe care le acoperim includ: reforma administra\u0163iei \u015fi integritate; descentralizare \u015fi finan\u0163e publice; reforma [&hellip;]<\/p>\n","protected":false},"author":2,"featured_media":0,"parent":0,"menu_order":0,"comment_status":"closed","ping_status":"closed","template":"","meta":{"_acf_changed":false,"footnotes":""},"class_list":["post-569","page","type-page","status-publish","hentry"],"acf":[],"_links":{"self":[{"href":"https:\/\/votcorect.ro\/prezidentiale-2019\/wp-json\/wp\/v2\/pages\/569","targetHints":{"allow":["GET"]}}],"collection":[{"href":"https:\/\/votcorect.ro\/prezidentiale-2019\/wp-json\/wp\/v2\/pages"}],"about":[{"href":"https:\/\/votcorect.ro\/prezidentiale-2019\/wp-json\/wp\/v2\/types\/page"}],"author":[{"embeddable":true,"href":"https:\/\/votcorect.ro\/prezidentiale-2019\/wp-json\/wp\/v2\/users\/2"}],"replies":[{"embeddable":true,"href":"https:\/\/votcorect.ro\/prezidentiale-2019\/wp-json\/wp\/v2\/comments?post=569"}],"version-history":[{"count":16,"href":"https:\/\/votcorect.ro\/prezidentiale-2019\/wp-json\/wp\/v2\/pages\/569\/revisions"}],"predecessor-version":[{"id":1137,"href":"https:\/\/votcorect.ro\/prezidentiale-2019\/wp-json\/wp\/v2\/pages\/569\/revisions\/1137"}],"wp:attachment":[{"href":"https:\/\/votcorect.ro\/prezidentiale-2019\/wp-json\/wp\/v2\/media?parent=569"}],"curies":[{"name":"wp","href":"https:\/\/api.w.org\/{rel}","templated":true}]}}