{"id":241,"date":"2016-12-08T11:58:26","date_gmt":"2016-12-08T11:58:26","guid":{"rendered":"https:\/\/votcorect.ro\/prezidentiale-2019\/?page_id=241"},"modified":"2018-09-21T22:19:43","modified_gmt":"2018-09-21T22:19:43","slug":"manualul-observatorului","status":"publish","type":"page","link":"https:\/\/votcorect.ro\/prezidentiale-2019\/manualul-observatorului\/","title":{"rendered":"Manualul observatorului"},"content":{"rendered":"<p><img loading=\"lazy\" decoding=\"async\" class=\"alignright size-medium wp-image-602\" src=\"https:\/\/votcorect.ro\/prezidentiale-2019\/wp-content\/uploads\/sites\/5\/2018\/09\/vot-corect-2018-rightside-300x300.png\" alt=\"\" width=\"300\" height=\"300\" srcset=\"https:\/\/votcorect.ro\/prezidentiale-2019\/wp-content\/uploads\/sites\/5\/2018\/09\/vot-corect-2018-rightside-300x300.png 300w, https:\/\/votcorect.ro\/prezidentiale-2019\/wp-content\/uploads\/sites\/5\/2018\/09\/vot-corect-2018-rightside-150x150.png 150w, https:\/\/votcorect.ro\/prezidentiale-2019\/wp-content\/uploads\/sites\/5\/2018\/09\/vot-corect-2018-rightside.png 595w\" sizes=\"auto, (max-width: 300px) 100vw, 300px\" \/>Manualul observatorului (referendum 2018)<\/p>\n<p><a class=\"md-btn\" href=\"https:\/\/votcorect.ro\/prezidentiale-2019\/wp-content\/uploads\/sites\/5\/2016\/12\/Manualul-Observatorului-EFOR.pdf\">Manualul observatorului<\/a>\u00a0(locale 2016)<\/p>\n<p><a class=\"md-btn\" href=\"https:\/\/votcorect.ro\/prezidentiale-2019\/wp-content\/uploads\/sites\/5\/2016\/12\/Manualul-Observatorului.pdf\">Manualul observatorului<\/a>\u00a0(parlamentare 2016)<\/p>\n<p>_____<\/p>\n<p style=\"font-size: .7em;\">Documentele sunt\u00a0publicate de c\u0103tre organiza\u021bia Expert Forum, cu sprijinul Observatorului Electoral \u0219i sunt destinate observatorilor electorali independen\u021bi.<br \/>\nManualele pot\u00a0fi desc\u0103rcate liber, \u00eens\u0103 nu pot fi modificate sau copiate f\u0103r\u0103 permisiunea autorilor.<br \/>\n2016 \u00a9 Expert Forum<\/p>\n","protected":false},"excerpt":{"rendered":"<p>Manualul observatorului (referendum 2018) Manualul observatorului\u00a0(locale 2016) Manualul observatorului\u00a0(parlamentare 2016) _____ Documentele sunt\u00a0publicate de c\u0103tre organiza\u021bia Expert Forum, cu sprijinul Observatorului Electoral \u0219i sunt destinate observatorilor electorali independen\u021bi. Manualele pot\u00a0fi desc\u0103rcate liber, \u00eens\u0103 nu pot fi modificate sau copiate f\u0103r\u0103 permisiunea autorilor. 2016 \u00a9 Expert Forum<\/p>\n","protected":false},"author":2,"featured_media":0,"parent":0,"menu_order":0,"comment_status":"closed","ping_status":"closed","template":"","meta":{"_acf_changed":false,"footnotes":""},"class_list":["post-241","page","type-page","status-publish","hentry"],"acf":[],"_links":{"self":[{"href":"https:\/\/votcorect.ro\/prezidentiale-2019\/wp-json\/wp\/v2\/pages\/241","targetHints":{"allow":["GET"]}}],"collection":[{"href":"https:\/\/votcorect.ro\/prezidentiale-2019\/wp-json\/wp\/v2\/pages"}],"about":[{"href":"https:\/\/votcorect.ro\/prezidentiale-2019\/wp-json\/wp\/v2\/types\/page"}],"author":[{"embeddable":true,"href":"https:\/\/votcorect.ro\/prezidentiale-2019\/wp-json\/wp\/v2\/users\/2"}],"replies":[{"embeddable":true,"href":"https:\/\/votcorect.ro\/prezidentiale-2019\/wp-json\/wp\/v2\/comments?post=241"}],"version-history":[{"count":17,"href":"https:\/\/votcorect.ro\/prezidentiale-2019\/wp-json\/wp\/v2\/pages\/241\/revisions"}],"predecessor-version":[{"id":604,"href":"https:\/\/votcorect.ro\/prezidentiale-2019\/wp-json\/wp\/v2\/pages\/241\/revisions\/604"}],"wp:attachment":[{"href":"https:\/\/votcorect.ro\/prezidentiale-2019\/wp-json\/wp\/v2\/media?parent=241"}],"curies":[{"name":"wp","href":"https:\/\/api.w.org\/{rel}","templated":true}]}}