{"id":22,"date":"2016-11-18T09:57:05","date_gmt":"2016-11-18T09:57:05","guid":{"rendered":"http:\/\/votcorect.ro\/?page_id=22"},"modified":"2019-09-03T17:07:45","modified_gmt":"2019-09-03T17:07:45","slug":"sesizare","status":"publish","type":"page","link":"https:\/\/votcorect.ro\/prezidentiale-2019\/sesizare\/","title":{"rendered":"Trimite sesizare"},"content":{"rendered":"<div style=\"padding: 2.5em 6.6vw; font-size: 1.3em\" class=\"bg-warning d-inline-block\"> <strong >NOT\u0102:<\/strong> toate sesiz\u0103rile vor fi publice, cu exceptia datelor personale.<br \/><span class=\"small\">V\u0103 rug\u0103m s\u0103 nu l\u0103sa\u021bi date personale (nume, date contact, adrese etc) \u00een c\u0103mpurile &#8216;<i>subiect<\/i>&#8216; sau &#8216;<i>descriere problema<\/i>&#8216;.<\/span><\/div>\n","protected":false},"excerpt":{"rendered":"<p>NOT\u0102: toate sesiz\u0103rile vor fi publice, cu exceptia datelor personale.V\u0103 rug\u0103m s\u0103 nu l\u0103sa\u021bi date personale (nume, date contact, adrese etc) \u00een c\u0103mpurile &#8216;subiect&#8216; sau &#8216;descriere problema&#8216;.<\/p>\n","protected":false},"author":2,"featured_media":0,"parent":0,"menu_order":0,"comment_status":"closed","ping_status":"closed","template":"","meta":{"_acf_changed":false,"footnotes":""},"class_list":["post-22","page","type-page","status-publish","hentry"],"acf":[],"_links":{"self":[{"href":"https:\/\/votcorect.ro\/prezidentiale-2019\/wp-json\/wp\/v2\/pages\/22","targetHints":{"allow":["GET"]}}],"collection":[{"href":"https:\/\/votcorect.ro\/prezidentiale-2019\/wp-json\/wp\/v2\/pages"}],"about":[{"href":"https:\/\/votcorect.ro\/prezidentiale-2019\/wp-json\/wp\/v2\/types\/page"}],"author":[{"embeddable":true,"href":"https:\/\/votcorect.ro\/prezidentiale-2019\/wp-json\/wp\/v2\/users\/2"}],"replies":[{"embeddable":true,"href":"https:\/\/votcorect.ro\/prezidentiale-2019\/wp-json\/wp\/v2\/comments?post=22"}],"version-history":[{"count":9,"href":"https:\/\/votcorect.ro\/prezidentiale-2019\/wp-json\/wp\/v2\/pages\/22\/revisions"}],"predecessor-version":[{"id":2812,"href":"https:\/\/votcorect.ro\/prezidentiale-2019\/wp-json\/wp\/v2\/pages\/22\/revisions\/2812"}],"wp:attachment":[{"href":"https:\/\/votcorect.ro\/prezidentiale-2019\/wp-json\/wp\/v2\/media?parent=22"}],"curies":[{"name":"wp","href":"https:\/\/api.w.org\/{rel}","templated":true}]}}