{"id":3490,"date":"2020-11-11T11:09:55","date_gmt":"2020-11-11T11:09:55","guid":{"rendered":"https:\/\/votcorect.ro\/parlamentare-2020\/?page_id=3490"},"modified":"2020-11-13T15:22:22","modified_gmt":"2020-11-13T15:22:22","slug":"harta-candidatilor","status":"publish","type":"page","link":"https:\/\/votcorect.ro\/parlamentare-2020\/harta-candidatilor\/","title":{"rendered":"Harta Candida\u021bilor &#8211; Alegeri parlamentare 2020"},"content":{"rendered":"<div id=\"viz1604574754477\" class=\"tableauPlaceholder\" style=\"position: relative; margin: auto;\"><noscript><a href='#'><img alt=' ' src='https:\/\/public.tableau.com\/static\/images\/T2\/T23SRPZB4\/1_rss.png' style='border: none' \/><\/a><\/noscript><object class=\"tableauViz\" style=\"display: none;\" width=\"300\" height=\"150\"><param name=\"host_url\" value=\"https%3A%2F%2Fpublic.tableau.com%2F\" \/><param name=\"embed_code_version\" value=\"3\" \/><param name=\"path\" value=\"shared\/T23SRPZB4\" \/><param name=\"toolbar\" value=\"yes\" \/><param name=\"static_image\" value=\"https:\/\/public.tableau.com\/static\/images\/T2\/T23SRPZB4\/1.png\" \/><param name=\"animate_transition\" value=\"yes\" \/><param name=\"display_static_image\" value=\"yes\" \/><param name=\"display_spinner\" value=\"yes\" \/><param name=\"display_overlay\" value=\"yes\" \/><param name=\"display_count\" value=\"yes\" \/><param name=\"language\" value=\"en\" \/><\/object><\/div>\n<p><script type='text\/javascript'>                    var divElement = document.getElementById('viz1604574754477');                    var vizElement = divElement.getElementsByTagName('object')[0];                    vizElement.style.width='1000px';vizElement.style.height='1227px';                    var scriptElement = document.createElement('script');                    scriptElement.src = 'https:\/\/public.tableau.com\/javascripts\/api\/viz_v1.js';                    vizElement.parentNode.insertBefore(scriptElement, vizElement); <\/script><\/p>\n<div style=\"width: 960px; margin: auto;\">\n<h3>Statistici<\/h3>\n<ul>\n<li>Num\u0103rul candida\u021bilor a crescut de la <strong>6.476 \u00een 2016 la 7.136<\/strong>. De\u0219i cea mai mare parte a acestor sunt nominaliza\u021bi de partide precum PSD, PNL sau PMP, numeric exist\u0103 o competi\u021bie vizibil\u0103 din partea unor partide care nu au avut reprezentare parlamentar\u0103 \u00een ultimul mandat, precum AUR sau PER.<\/li>\n<li>Participarea femeilor r\u0103m\u00e2ne redus\u0103 \u0219i la alegerile parlamentare, de\u0219i procentul cre\u0219te pu\u021bin fa\u021b\u0103 de alegerile locale din septembrie. La alegerile locale, <a href=\"https:\/\/expertforum.ro\/raport-participare-femei-locale\/\">conform calculelor EFOR<\/a>, femeile au reprezentat 22,9%, iar pentru alegerile din decembrie reprezint\u0103 29,5%. \u00cen acela\u0219i timp, plasarea acestora pe locuri eligibile pe listele de candida\u021bi poate fi \u00eembun\u0103t\u0103\u021bit\u0103, pentru a oferi \u0219anse egale cu adev\u0103rat.<\/li>\n<li>Au fost depuse \u00een total <strong>1.147 de liste de candida\u021bi \u0219i candidaturi independente<\/strong>, la Camera Deputa\u021bilor \u0219i Senat<\/li>\n<li>Din cei 7.136 de candida\u021bi, un num\u0103r de 4.659 candideaz\u0103 la Camera Deputa\u021bilor (CDep) \u0219i 2.477 la Senat. Dintre ace\u0219tia 57 de candida\u021bi reprezint\u0103 organiza\u021bii ale minorit\u0103\u021bilor na\u021bionale, pentru Cdep. Num\u0103rul de candida\u021bi a crescut fa\u021b\u0103 de 2016, c\u00e2nd au fost \u00eenregistra\u021bi 6.476<\/li>\n<li><strong>42 de candida\u021bi independen\u021bi<\/strong> s-au \u00eenscris pentru CDep \u0219i unul pentru Senat<\/li>\n<li>Pentru cele patru locuri de deputat \u00een circumscrip\u021bia str\u0103in\u0103tate candideaz\u0103 47 de candida\u021bi, iar 29 se lupt\u0103 pentru cele dou\u0103 locuri de senator<\/li>\n<li>Cei mai mul\u021bi candida\u021bi provin de la PMP (641), PNL (640), Pro Rom\u00e2nia (639) \u0219i PSD (631). Alian\u021ba USR-Plus, singura alian\u021b\u0103 la aceste alegeri, a \u00eenregistrat 616 candida\u021bi, iar separat USR are 390 de candida\u021bi, iar Plus 226 de candida\u021bi. <strong>Alian\u021ba pentru Uniunea Rom\u00e2nilor (AUR), unul dintre partidele relativ noi pe scena politic\u0103 rom\u00e2neasc\u0103 a \u00eenregistrat 621 de candida\u021bi. Cu un candidat mai pu\u021bin a \u00eenregistrat \u0219i Partidul Ecologist Rom\u00e2n, care \u00een s\u0103pt\u0103m\u00e2nile dinaintea alegerilor a atras mai multe figuri celebre, dar controversate, din alte partide.<\/strong><\/li>\n<li>Excluz\u00e2nd candida\u021bii independen\u021bi, un num\u0103r de 128 de liste propuse de partidele politice con\u021bin un singur candidat, iar 28 includ doi candida\u021bi. Listele cele mai lungi sunt cele pentru Bucure\u0219ti, unde ajung p\u00e2n\u0103 la 37 de candida\u021bi.<\/li>\n<li>Cea mai mare competi\u021bie este \u00een jude\u021bul Br\u0103ila la Camera Deputa\u021bilor, cu 19,8 candida\u021bi pe loc, iar cea mai mic\u0103 la Buz\u0103u, cu 9 pe loc. \u0218i la Senat, lupta cea mai intens\u0103 se poart\u0103 \u00een Br\u0103ila, cu 27,5 candida\u021bi pe un loc, cea mai slab\u0103 \u00eenregistr\u00e2ndu-se \u00een Prahova, 11,8 pe loc.<\/li>\n<\/ul>\n<div class=\"textbox\">\n<p style=\"text-align: center;\">Cite\u0219te mai multe \u00een PB #98 publicat de EFOR &#8211; <a href=\"https:\/\/expertforum.ro\/wp-content\/uploads\/2020\/11\/EFOR-candidati-alegeri-parlamentare-2020.pdf\"><strong>Participarea femeilor la alegerile parlamentare din 2020<\/strong><\/a><\/p>\n<p style=\"text-align: center;\">Baza de date construit\u0103 de noi poate fi desc\u0103rcat\u0103 <a href=\"https:\/\/expertforum.ro\/wp-content\/uploads\/2020\/11\/Date-candidati-parlamentare-gen-EFOR.xlsx\">aici<\/a>. (XLS)<\/p>\n<\/div>\n<p><a href=\"https:\/\/expertforum.ro\/wp-content\/uploads\/2020\/08\/logos-ifes.png\"><img loading=\"lazy\" decoding=\"async\" class=\"alignnone wp-image-10540\" src=\"https:\/\/expertforum.ro\/wp-content\/uploads\/2020\/08\/logos-ifes.png\" alt=\"\" width=\"318\" height=\"81\" \/><\/a><\/p>\n<p><em>Raport realizat \u00een cadrul unui proiect finan\u021bat de Bureau of International Narcotics and Law Enforcement Affairs (INL), implementat de Expert Forum \u00een parteneriat cu CEELI Institute\u00a0 \u0219i International Foundation for Electoral Systems (IFES).<\/em><\/p>\n<\/div>\n","protected":false},"excerpt":{"rendered":"<p>Statistici Num\u0103rul candida\u021bilor a crescut de la 6.476 \u00een 2016 la 7.136. De\u0219i cea mai mare parte a acestor sunt nominaliza\u021bi de partide precum PSD, PNL sau PMP, numeric exist\u0103 o competi\u021bie vizibil\u0103 din partea unor partide care nu au avut reprezentare parlamentar\u0103 \u00een ultimul mandat, precum AUR sau PER. Participarea femeilor r\u0103m\u00e2ne redus\u0103 \u0219i [&hellip;]<\/p>\n","protected":false},"author":2,"featured_media":0,"parent":0,"menu_order":0,"comment_status":"closed","ping_status":"closed","template":"template-full-width.php","meta":{"_acf_changed":false,"footnotes":""},"class_list":["post-3490","page","type-page","status-publish","hentry"],"acf":[],"_links":{"self":[{"href":"https:\/\/votcorect.ro\/parlamentare-2020\/wp-json\/wp\/v2\/pages\/3490","targetHints":{"allow":["GET"]}}],"collection":[{"href":"https:\/\/votcorect.ro\/parlamentare-2020\/wp-json\/wp\/v2\/pages"}],"about":[{"href":"https:\/\/votcorect.ro\/parlamentare-2020\/wp-json\/wp\/v2\/types\/page"}],"author":[{"embeddable":true,"href":"https:\/\/votcorect.ro\/parlamentare-2020\/wp-json\/wp\/v2\/users\/2"}],"replies":[{"embeddable":true,"href":"https:\/\/votcorect.ro\/parlamentare-2020\/wp-json\/wp\/v2\/comments?post=3490"}],"version-history":[{"count":3,"href":"https:\/\/votcorect.ro\/parlamentare-2020\/wp-json\/wp\/v2\/pages\/3490\/revisions"}],"predecessor-version":[{"id":3539,"href":"https:\/\/votcorect.ro\/parlamentare-2020\/wp-json\/wp\/v2\/pages\/3490\/revisions\/3539"}],"wp:attachment":[{"href":"https:\/\/votcorect.ro\/parlamentare-2020\/wp-json\/wp\/v2\/media?parent=3490"}],"curies":[{"name":"wp","href":"https:\/\/api.w.org\/{rel}","templated":true}]}}