{"id":7,"date":"2023-11-29T09:31:19","date_gmt":"2023-11-29T09:31:19","guid":{"rendered":"https:\/\/votcorect.ro\/euro-2024\/?page_id=7"},"modified":"2025-11-21T14:06:05","modified_gmt":"2025-11-21T14:06:05","slug":"text-homepage","status":"publish","type":"page","link":"https:\/\/votcorect.ro\/locale-2025\/","title":{"rendered":"Vot Corect &#8211; Alegeri locale par\u021biale 2025"},"content":{"rendered":"<div class=\"row\">\n<div class=\"col-lg-6\">\n<ul class=\"list-unstyled mt-2\">\n<li class=\"mb-1\" style=\"line-height: 1.25; margin-bottom: .3ex;\">\u2705 Pute\u021bi trimite <a href=\"https:\/\/votcorect.ro\/locale-2025\/sesizare\/\">sesiz\u0103ri<\/a> \u0219i raporta nereguli legate de alegeri<\/li>\n<li class=\"mb-1\" style=\"line-height: 1.25; margin-bottom: .3ex;\">\u2705 <a href=\"https:\/\/votcorect.ro\/locale-2025\/reguli\/\">G\u0103si\u021bi reguli\/\u00eentreb\u0103ri<\/a> frecvente despre procesul electoral<\/li>\n<li style=\"line-height: 1.25; margin-bottom: .3ex;\">\u2705 Acredit\u0103m observatori independen\u021bi pentru ziua vot\u0103rii &#8211; \u00eenscrierile se \u00eencheie pe 2 decembrie<\/li>\n<\/ul>\n<\/div>\n<div class=\"col-lg-6\">\n<p><img loading=\"lazy\" decoding=\"async\" class=\"wp-image-2650 alignleft\" src=\"https:\/\/votcorect.ro\/locale-2025\/wp-content\/uploads\/sites\/14\/2024\/04\/call-center-300x300.png\" alt=\"\" width=\"71\" height=\"71\" srcset=\"https:\/\/votcorect.ro\/locale-2025\/wp-content\/uploads\/sites\/14\/2024\/04\/call-center-300x300.png 300w, https:\/\/votcorect.ro\/locale-2025\/wp-content\/uploads\/sites\/14\/2024\/04\/call-center-150x150.png 150w, https:\/\/votcorect.ro\/locale-2025\/wp-content\/uploads\/sites\/14\/2024\/04\/call-center.png 320w\" sizes=\"auto, (max-width: 71px) 100vw, 71px\" \/><small>\u00cen preziua \u0219i \u00een ziua alegerilor ne pute\u021bi contacta \u0219i prin call center, pentru asisten\u021b\u0103 electoral\u0103.<\/small><\/p>\n<hr \/>\n<div class=\"gmail_default\"><small><strong><span class=\"il\">0800<\/span>\u00a0460 002<\/strong>\u00a0*gratuit \u00een Rom\u00e2nia<\/small><\/div>\n<div class=\"gmail_default\"><small>Call Center-ul va fi activ pe 6 decembrie, \u00een intervalul 12:00 &#8211; 19:00 \u0219i pe 7 decembrie, \u00een intervalul 7:00 &#8211; 21:00. Ne puteti scrie \u0219i pe <a href=\"mailto:observare@votcorect.ro\">e-mail.<\/a><\/small><\/div>\n<div>\u00centruc\u00e2t acest program se bazeaz\u0103 pe voluntariat, <a href=\"https:\/\/expertforum.ro\/sustine-observare-alegeri-bucuresti-2025\/\">ne pute\u021bi sus\u021bine cu o dona\u021bie<\/a>.<\/div>\n<\/div>\n<\/div>\n","protected":false},"excerpt":{"rendered":"<p>\u2705 Pute\u021bi trimite sesiz\u0103ri \u0219i raporta nereguli legate de alegeri \u2705 G\u0103si\u021bi reguli\/\u00eentreb\u0103ri frecvente despre procesul electoral \u2705 Acredit\u0103m observatori independen\u021bi pentru ziua vot\u0103rii &#8211; \u00eenscrierile se \u00eencheie pe 2 decembrie \u00cen preziua \u0219i \u00een ziua alegerilor ne pute\u021bi contacta \u0219i prin call center, pentru asisten\u021b\u0103 electoral\u0103. 0800\u00a0460 002\u00a0*gratuit \u00een Rom\u00e2nia Call Center-ul va fi [&hellip;]<\/p>\n","protected":false},"author":3,"featured_media":3986,"parent":0,"menu_order":0,"comment_status":"closed","ping_status":"closed","template":"","meta":{"_acf_changed":false,"footnotes":""},"class_list":["post-7","page","type-page","status-publish","has-post-thumbnail","hentry"],"acf":[],"_links":{"self":[{"href":"https:\/\/votcorect.ro\/locale-2025\/wp-json\/wp\/v2\/pages\/7","targetHints":{"allow":["GET"]}}],"collection":[{"href":"https:\/\/votcorect.ro\/locale-2025\/wp-json\/wp\/v2\/pages"}],"about":[{"href":"https:\/\/votcorect.ro\/locale-2025\/wp-json\/wp\/v2\/types\/page"}],"author":[{"embeddable":true,"href":"https:\/\/votcorect.ro\/locale-2025\/wp-json\/wp\/v2\/users\/3"}],"replies":[{"embeddable":true,"href":"https:\/\/votcorect.ro\/locale-2025\/wp-json\/wp\/v2\/comments?post=7"}],"version-history":[{"count":55,"href":"https:\/\/votcorect.ro\/locale-2025\/wp-json\/wp\/v2\/pages\/7\/revisions"}],"predecessor-version":[{"id":4054,"href":"https:\/\/votcorect.ro\/locale-2025\/wp-json\/wp\/v2\/pages\/7\/revisions\/4054"}],"wp:featuredmedia":[{"embeddable":true,"href":"https:\/\/votcorect.ro\/locale-2025\/wp-json\/wp\/v2\/media\/3986"}],"wp:attachment":[{"href":"https:\/\/votcorect.ro\/locale-2025\/wp-json\/wp\/v2\/media?parent=7"}],"curies":[{"name":"wp","href":"https:\/\/api.w.org\/{rel}","templated":true}]}}