{"id":2487,"date":"2024-03-12T20:26:52","date_gmt":"2024-03-12T20:26:52","guid":{"rendered":"https:\/\/votcorect.ro\/locale-2025\/?page_id=2487"},"modified":"2025-11-07T12:21:02","modified_gmt":"2025-11-07T12:21:02","slug":"observatori","status":"publish","type":"page","link":"https:\/\/votcorect.ro\/locale-2025\/observatori\/","title":{"rendered":"Acreditare observatori"},"content":{"rendered":"<h2 style=\"text-align: center;\"><img loading=\"lazy\" decoding=\"async\" class=\"alignnone size-full wp-image-4023\" src=\"https:\/\/votcorect.ro\/locale-2025\/wp-content\/uploads\/sites\/14\/2019\/04\/vizual-observatori.png\" alt=\"\" width=\"1845\" height=\"1039\" srcset=\"https:\/\/votcorect.ro\/locale-2025\/wp-content\/uploads\/sites\/14\/2019\/04\/vizual-observatori.png 1845w, https:\/\/votcorect.ro\/locale-2025\/wp-content\/uploads\/sites\/14\/2019\/04\/vizual-observatori-300x169.png 300w, https:\/\/votcorect.ro\/locale-2025\/wp-content\/uploads\/sites\/14\/2019\/04\/vizual-observatori-1024x577.png 1024w, https:\/\/votcorect.ro\/locale-2025\/wp-content\/uploads\/sites\/14\/2019\/04\/vizual-observatori-768x432.png 768w, https:\/\/votcorect.ro\/locale-2025\/wp-content\/uploads\/sites\/14\/2019\/04\/vizual-observatori-1536x865.png 1536w\" sizes=\"auto, (max-width: 1845px) 100vw, 1845px\" \/><\/h2>\n<div class=\"textbox\">\n<h2 style=\"text-align: center;\"><a href=\"https:\/\/observatori.votcorect.ro\/\"><strong>Pute\u021bi \u00eencepe \u00eenregistrarea ca observator aici. <img loading=\"lazy\" decoding=\"async\" class=\"alignnone wp-image-2801\" src=\"https:\/\/votcorect.ro\/locale-2025\/wp-content\/uploads\/sites\/14\/2024\/05\/pngwing.com_.png\" alt=\"\" width=\"67\" height=\"67\" srcset=\"https:\/\/votcorect.ro\/locale-2025\/wp-content\/uploads\/sites\/14\/2024\/05\/pngwing.com_.png 512w, https:\/\/votcorect.ro\/locale-2025\/wp-content\/uploads\/sites\/14\/2024\/05\/pngwing.com_-300x300.png 300w, https:\/\/votcorect.ro\/locale-2025\/wp-content\/uploads\/sites\/14\/2024\/05\/pngwing.com_-150x150.png 150w\" sizes=\"auto, (max-width: 67px) 100vw, 67px\" \/><\/strong><\/a><\/h2>\n<p style=\"text-align: center;\"><strong>Termenul pentru \u00eenscrieri este de 2 decembrie, ora 23:59.<\/strong><\/p>\n<\/div>\n<p style=\"text-align: center;\">Pentru orice \u00eentreb\u0103ri sau nel\u0103muriri ne pute\u021bi contacta la <a href=\"observare@votcorect.ro\">observare@votcorect.ro<\/a>.<\/p>\n<p style=\"text-align: center;\">Pute\u021bi afla mai multe despre observatori, rolul acestora \u0219i procedurile de acreditare <a href=\"https:\/\/votcorect.ro\/locale-2025\/reguli\/observator\/\">aici<\/a>.<\/p>\n<p><mark><strong>\u021aine\u021bi cont de faptul c\u0103 procedura de acreditare e diferit\u0103 fa\u021b\u0103 de cea cu care v-a\u021bi obi\u0219nuit \u00een 2024 \u0219i 2025, vom cere anumite informa\u021bii \u00een plus, iar\u00a0acreditarea poate dura c\u00e2teva zile, \u00eentruc\u00e2t se face direct de c\u0103tre birourile de circumscrip\u021bie (nu vom mai emite noi direct ecusoane). V\u0103 rug\u0103m s\u0103 consulta\u021bi informa\u021bii despre\u00a0procedura de acreditare\u00a0<a href=\"https:\/\/www.roaep.ro\/legislatie\/wp-content\/uploads\/2025\/11\/IAEP-acreditare-locale-partiale-7-decembrie-2025.pdf\" target=\"_blank\" rel=\"noopener\" data-saferedirecturl=\"https:\/\/www.google.com\/url?q=https:\/\/votcorect.us4.list-manage.com\/track\/click?u%3D2763960954f0f3f5cb4cca2ad%26id%3D22d8e616d4%26e%3D320e7520c8&amp;source=gmail&amp;ust=1762604248898000&amp;usg=AOvVaw0ZXftNIB7jdFgRKYLHikJw\">aici<\/a>.<\/strong><\/mark><\/p>\n<p>Coali\u021bia este format\u0103 din Expert Forum, Centrul pentru Resurse Civice, Asocia\u021bia Civica, Centrul pentru Studiul Democra\u021biei, R\u0103d\u0103u\u021biul Civic, Federa\u021bia Asocia\u021biilor Studen\u021bilor \u00een Drept din Rom\u00e2nia, \u0219i Observatorul Electoral. Coali\u021bia este partener cu Asocia\u021bia Code for Romania, care asigur\u0103 dezvoltarea aplica\u021biei pentru smartphone Monitorizare Vot, cu ajutorul c\u0103reia colect\u0103m date \u00een ziua alegerilor.<\/p>\n<p style=\"text-align: center;\">Citi\u021bi mai multe despre parteneri \u0219i istoricul coali\u021biei <a href=\"https:\/\/votcorect.ro\/euro-locale-2024\/despre-coalitie\/\">aici<\/a>.<\/p>\n<p style=\"text-align: center;\">Vezi mai multe despre ceea ce \u00eenseamn\u0103 s\u0103 fii observator \u00een clipul de mai jos:<\/p>\n<p>&nbsp;<\/p>\n<p style=\"text-align: center;\"><iframe loading=\"lazy\" title=\"YouTube video player\" src=\"https:\/\/www.youtube.com\/embed\/LUahg0gxgd4?si=1ynH5AwRmWqp1a31\" width=\"700\" height=\"500\" frameborder=\"0\" allowfullscreen=\"allowfullscreen\"><span data-mce-type=\"bookmark\" style=\"display: inline-block; width: 0px; overflow: hidden; line-height: 0;\" class=\"mce_SELRES_start\">\ufeff<\/span><\/iframe><\/p>\n<p>&nbsp;<\/p>\n<p>&nbsp;<\/p>\n<p><strong>Parteneri<\/strong><\/p>\n<p><img loading=\"lazy\" decoding=\"async\" class=\"wp-image-2722 alignleft\" src=\"https:\/\/votcorect.ro\/locale-2025\/wp-content\/uploads\/sites\/14\/2024\/05\/logo-2-300x300.png\" alt=\"\" width=\"69\" height=\"69\" srcset=\"https:\/\/votcorect.ro\/locale-2025\/wp-content\/uploads\/sites\/14\/2024\/05\/logo-2-300x300.png 300w, https:\/\/votcorect.ro\/locale-2025\/wp-content\/uploads\/sites\/14\/2024\/05\/logo-2-150x150.png 150w, https:\/\/votcorect.ro\/locale-2025\/wp-content\/uploads\/sites\/14\/2024\/05\/logo-2.png 500w\" sizes=\"auto, (max-width: 69px) 100vw, 69px\" \/> <span style=\"font-family: verdana, sans-serif;\"><img loading=\"lazy\" decoding=\"async\" class=\"wp-image-2850 alignleft\" src=\"https:\/\/votcorect.ro\/locale-2025\/wp-content\/uploads\/sites\/14\/2024\/05\/1.-Logo-ANOSR-var.-01.png\" alt=\"\" width=\"146\" height=\"73\" srcset=\"https:\/\/votcorect.ro\/locale-2025\/wp-content\/uploads\/sites\/14\/2024\/05\/1.-Logo-ANOSR-var.-01.png 3334w, https:\/\/votcorect.ro\/locale-2025\/wp-content\/uploads\/sites\/14\/2024\/05\/1.-Logo-ANOSR-var.-01-300x150.png 300w, https:\/\/votcorect.ro\/locale-2025\/wp-content\/uploads\/sites\/14\/2024\/05\/1.-Logo-ANOSR-var.-01-1024x514.png 1024w, https:\/\/votcorect.ro\/locale-2025\/wp-content\/uploads\/sites\/14\/2024\/05\/1.-Logo-ANOSR-var.-01-768x385.png 768w, https:\/\/votcorect.ro\/locale-2025\/wp-content\/uploads\/sites\/14\/2024\/05\/1.-Logo-ANOSR-var.-01-1536x770.png 1536w, https:\/\/votcorect.ro\/locale-2025\/wp-content\/uploads\/sites\/14\/2024\/05\/1.-Logo-ANOSR-var.-01-2048x1027.png 2048w\" sizes=\"auto, (max-width: 146px) 100vw, 146px\" \/><\/span><\/p>\n","protected":false},"excerpt":{"rendered":"<p>Pute\u021bi \u00eencepe \u00eenregistrarea ca observator aici. Termenul pentru \u00eenscrieri este de 2 decembrie, ora 23:59. Pentru orice \u00eentreb\u0103ri sau nel\u0103muriri ne pute\u021bi contacta la observare@votcorect.ro. Pute\u021bi afla mai multe despre observatori, rolul acestora \u0219i procedurile de acreditare aici. \u021aine\u021bi cont de faptul c\u0103 procedura de acreditare e diferit\u0103 fa\u021b\u0103 de cea cu care v-a\u021bi obi\u0219nuit [&hellip;]<\/p>\n","protected":false},"author":2,"featured_media":0,"parent":0,"menu_order":0,"comment_status":"closed","ping_status":"closed","template":"","meta":{"_acf_changed":false,"footnotes":""},"class_list":["post-2487","page","type-page","status-publish","hentry"],"acf":[],"_links":{"self":[{"href":"https:\/\/votcorect.ro\/locale-2025\/wp-json\/wp\/v2\/pages\/2487","targetHints":{"allow":["GET"]}}],"collection":[{"href":"https:\/\/votcorect.ro\/locale-2025\/wp-json\/wp\/v2\/pages"}],"about":[{"href":"https:\/\/votcorect.ro\/locale-2025\/wp-json\/wp\/v2\/types\/page"}],"author":[{"embeddable":true,"href":"https:\/\/votcorect.ro\/locale-2025\/wp-json\/wp\/v2\/users\/2"}],"replies":[{"embeddable":true,"href":"https:\/\/votcorect.ro\/locale-2025\/wp-json\/wp\/v2\/comments?post=2487"}],"version-history":[{"count":23,"href":"https:\/\/votcorect.ro\/locale-2025\/wp-json\/wp\/v2\/pages\/2487\/revisions"}],"predecessor-version":[{"id":4027,"href":"https:\/\/votcorect.ro\/locale-2025\/wp-json\/wp\/v2\/pages\/2487\/revisions\/4027"}],"wp:attachment":[{"href":"https:\/\/votcorect.ro\/locale-2025\/wp-json\/wp\/v2\/media?parent=2487"}],"curies":[{"name":"wp","href":"https:\/\/api.w.org\/{rel}","templated":true}]}}