{"id":2058,"date":"2024-01-29T21:52:06","date_gmt":"2024-01-29T21:52:06","guid":{"rendered":"https:\/\/votcorect.ro\/europarlamentare-2024\/?page_id=2058"},"modified":"2025-11-03T13:10:55","modified_gmt":"2025-11-03T13:10:55","slug":"sesizare","status":"publish","type":"page","link":"https:\/\/votcorect.ro\/locale-2025\/sesizare\/","title":{"rendered":"Trimite sesizare"},"content":{"rendered":"<p>Sesiz\u0103rile vor fi utilizate pentru raport\u0103ri \u00een ziua alegerilor, rapoartele finale de observare \u0219i \u00een anumite cazuri pot fi transmise institu\u021biilor care au rol \u00een organizarea alegerilor. Dac\u0103 este nevoie, v\u0103 putem asista \u00een a formula anumite pl\u00e2ngeri sau pentru a transmite solicit\u0103ri c\u0103tre institu\u021biile relevante. <strong>Publicarea pe acest site nu reprezint\u0103 o pl\u00e2ngere oficial\u0103 depus\u0103 la institu\u021biile cu rol \u00een organizarea alegerilor.<\/strong><\/p>\n<p>Putem trimite sesiz\u0103ri c\u0103tre poli\u021bie, birourile electorale sau alte institu\u021bii, dac\u0103 este necesar. <strong>\u00cendemn\u0103m utilizatorii care au cuno\u0219tin\u021b\u0103 de fapte penale s\u0103 le transmit\u0103 \u00een primul r\u00e2nd c\u0103tre poli\u021bie sau parchete, \u00eenainte de a posta pe site.\u00a0<\/strong><\/p>\n<p>\u00cen cazul \u00een care autorit\u0103\u021bile locale sau centrale solicit\u0103 informa\u021bii suplimentare cu privire la sesizare, vom furniza datele dumneavoastr\u0103 de contact pentru ca autoritatea s\u0103 poat\u0103 lua leg\u0103tura cu dvs. \u00cen acest caz, temeiul prelucr\u0103rii este reprezentat de interesul nostru legitim de a asigura corectitudinea alegerilor.<\/p>\n<p>\u00cen cazul \u00een care primim o sesizare din partea autorit\u0103\u021bilor judiciare (de ex., poli\u021bie, procuror, instan\u021b\u0103) pentru a furniza date legat de o sesizare care face obiectul unei anchete, prelucrarea datelor va avea ca temei \u00eendeplinirea unei obliga\u021bii legale de cooperare cu autorit\u0103\u021bile judiciare competente.<\/p>\n<p>V\u0103 rug\u0103m s\u0103 citi\u021bi politica noastr\u0103 de date personale <a href=\"https:\/\/votcorect.ro\/locale-2025\/privacy-policy\/\">aici<\/a>.<\/p>\n<p><span style=\"color: #ff0000;\"><strong>IMPORTANT<\/strong><\/span>: nu posta\u021bi date personale sau documente cu informa\u021bii sensibile. Pentru astfel de cazuri ne pute\u021bi contacta \u0219i la observare@votcorect.ro<\/p>\n","protected":false},"excerpt":{"rendered":"<p>Sesiz\u0103rile vor fi utilizate pentru raport\u0103ri \u00een ziua alegerilor, rapoartele finale de observare \u0219i \u00een anumite cazuri pot fi transmise institu\u021biilor care au rol \u00een organizarea alegerilor. Dac\u0103 este nevoie, v\u0103 putem asista \u00een a formula anumite pl\u00e2ngeri sau pentru a transmite solicit\u0103ri c\u0103tre institu\u021biile relevante. Publicarea pe acest site nu reprezint\u0103 o pl\u00e2ngere oficial\u0103 [&hellip;]<\/p>\n","protected":false},"author":3,"featured_media":0,"parent":0,"menu_order":0,"comment_status":"closed","ping_status":"closed","template":"","meta":{"_acf_changed":false,"footnotes":""},"class_list":["post-2058","page","type-page","status-publish","hentry"],"acf":[],"_links":{"self":[{"href":"https:\/\/votcorect.ro\/locale-2025\/wp-json\/wp\/v2\/pages\/2058","targetHints":{"allow":["GET"]}}],"collection":[{"href":"https:\/\/votcorect.ro\/locale-2025\/wp-json\/wp\/v2\/pages"}],"about":[{"href":"https:\/\/votcorect.ro\/locale-2025\/wp-json\/wp\/v2\/types\/page"}],"author":[{"embeddable":true,"href":"https:\/\/votcorect.ro\/locale-2025\/wp-json\/wp\/v2\/users\/3"}],"replies":[{"embeddable":true,"href":"https:\/\/votcorect.ro\/locale-2025\/wp-json\/wp\/v2\/comments?post=2058"}],"version-history":[{"count":14,"href":"https:\/\/votcorect.ro\/locale-2025\/wp-json\/wp\/v2\/pages\/2058\/revisions"}],"predecessor-version":[{"id":4014,"href":"https:\/\/votcorect.ro\/locale-2025\/wp-json\/wp\/v2\/pages\/2058\/revisions\/4014"}],"wp:attachment":[{"href":"https:\/\/votcorect.ro\/locale-2025\/wp-json\/wp\/v2\/media?parent=2058"}],"curies":[{"name":"wp","href":"https:\/\/api.w.org\/{rel}","templated":true}]}}