{"id":2754,"date":"2019-07-26T09:43:01","date_gmt":"2019-07-26T09:43:01","guid":{"rendered":"https:\/\/votcorect.ro\/locale-2020\/?page_id=2754"},"modified":"2020-09-26T09:13:06","modified_gmt":"2020-09-26T09:13:06","slug":"rapoarte-observare","status":"publish","type":"page","link":"https:\/\/votcorect.ro\/locale-2020\/rapoarte-observare\/","title":{"rendered":"Manuale \u0219i rapoarte"},"content":{"rendered":"<h2><mark class=\"underlined\"><strong>Manualele observatorului<\/strong><\/mark><\/h2>\n<p><a href=\"https:\/\/votcorect.ro\/locale-2020\/wp-content\/uploads\/sites\/7\/2020\/09\/Manualul-observatorului-locale-2020-public.pdf\">Manualul observatorului<\/a> (locale 2020)<\/p>\n<p><a href=\"https:\/\/fiecarevot.ro\/manualul-observatorului-prezidentiale-2019\/\">Manualul observatorului<\/a> (prezidentiale 2019)<\/p>\n<p>Manualul observatorului (referendum 2018)<\/p>\n<p><a class=\"md-btn\" href=\"https:\/\/votcorect.ro\/locale-2020\/wp-content\/uploads\/sites\/7\/2016\/12\/Manualul-Observatorului-EFOR.pdf\">Manualul observatorului<\/a>\u00a0(locale 2016)<\/p>\n<p><a class=\"md-btn\" href=\"https:\/\/votcorect.ro\/locale-2020\/wp-content\/uploads\/sites\/7\/2016\/12\/Manualul-Observatorului.pdf\">Manualul observatorului<\/a>\u00a0(parlamentare 2016)<\/p>\n<p>_____<\/p>\n<p style=\"font-size: .7em;\">Documentele sunt\u00a0publicate de c\u0103tre organiza\u021bia Expert Forum, cu sprijinul Observatorului Electoral \u0219i sunt destinate observatorilor electorali independen\u021bi.<br \/>\nManualele pot fi desc\u0103rcate liber, \u00eens\u0103 nu pot fi modificate sau copiate f\u0103r\u0103 permisiunea autorilor. Ne puteti scrie la adresa septimius.parvu@expertforum.ro pentru mai multe detalii.<br \/>\n2020 \u00a9 Expert Forum<\/p>\n<h2><\/h2>\n<h2 class=\"entry-content\"><mark class=\"underlined\"><strong>Rapoarte de observare<\/strong><\/mark><\/h2>\n<p><a href=\"https:\/\/expertforum.ro\/raport-observare-europarlamentare-2019\/\">Raportul privind alegerile europarlamentare \u0219i referendumul din 26 mai\u00a0<\/a><\/p>\n<header class=\"entry-header\">\n<p class=\"entry-title\"><a href=\"https:\/\/expertforum.ro\/raport-prezidentiale-2019\/\">Raportul de monitorizare a alegerilor preziden\u021biale din noiembrie 2019 \u2013 FiecareVot<\/a><\/p>\n<\/header>\n<h2 class=\"entry-content\"><mark class=\"underlined\"><strong>Raport de analiz\u0103 privind impactul\u00a0 COVID-19 \u00een domeniul electoral<\/strong><\/mark><\/h2>\n<div>\n<header class=\"entry-header\">\n<p class=\"entry-title\"><a href=\"https:\/\/expertforum.ro\/alegeri-locale-pandemie-scenarii\/\">Alegerile locale \u00een pandemie. C\u00e2teva scenarii<\/a><\/p>\n<\/header>\n<div class=\"entry-content\">\n<p>Expert Forum lanseaz\u0103 o dezbatere public\u0103 \u0219i propune o list\u0103 de posibile solu\u021bii care pot ajuta autorit\u0103\u021bile electorale \u0219i Guvernul s\u0103 organizeze alegerile din 2020. Chiar dac\u0103 nu \u0219tim data alegerilor \u0219i nici evolu\u021bia epidemiologic\u0103 a infec\u021biilor COVID 19, trebuie s\u0103 preg\u0103tim scenarii \u0219i solu\u021bii concrete c\u00e2t mai rapid. Organizarea alegerilor trebuie s\u0103 rezulte dintr-un proces de consultare public\u0103 \u0219i s\u0103 nu afecteze drepturile fundamentale ale cet\u0103\u021benilor.<\/p>\n<header class=\"entry-header\">\n<p class=\"entry-title\"><a href=\"https:\/\/expertforum.ro\/cum-vad-partidele-alegerile-2020\/\">Cum v\u0103d partidele politice alegerile din 2020?<\/a><\/p>\n<p>EFOR a discutat cu partidele politice despre viziunea lor cu privire la alegerile locale \u0219i parlamentare din 2020 \u0219i despre m\u0103surile ce trebuie luate pentru a organiza alegerile \u00een siguran\u021b\u0103, \u00een cadrul unei conferin\u021be online care a avut loc pe 4 iunie.<\/p>\n<p>Pute\u021bi g\u0103si \u00een cele ce urmeaz\u0103 ideile exprimate de lideri ai principalelor partide politice, dar \u0219i o list\u0103 de recomand\u0103ri ale EFOR care se refer\u0103 la mai multe etape ale procesului electoral. Demersul nostru are scopul de a pune \u00een prim plan siguran\u021ba \u00een timpul procesului electoral, de a identifica bune practici din alte \u021b\u0103ri care au organizat alegeri, dar \u0219i de a confirma c\u0103 drepturile aleg\u0103torilor, principiile constitu\u021bionale \u0219i standardele interna\u021bionale \u00ee\u0219i p\u0103streaz\u0103 prioritatea. Nu \u00een ultimul r\u00e2nd, consider\u0103m c\u0103 nu putem trece peste aceste provoc\u0103ri f\u0103r\u0103 dialog \u0219i f\u0103r\u0103 consens.<\/p>\n<p>&nbsp;<\/p>\n<\/header>\n<div class=\"entry-content\"><\/div>\n<\/div>\n<\/div>\n","protected":false},"excerpt":{"rendered":"<p>Manualele observatorului Manualul observatorului (locale 2020) Manualul observatorului (prezidentiale 2019) Manualul observatorului (referendum 2018) Manualul observatorului\u00a0(locale 2016) Manualul observatorului\u00a0(parlamentare 2016) _____ Documentele sunt\u00a0publicate de c\u0103tre organiza\u021bia Expert Forum, cu sprijinul Observatorului Electoral \u0219i sunt destinate observatorilor electorali independen\u021bi. Manualele pot fi desc\u0103rcate liber, \u00eens\u0103 nu pot fi modificate sau copiate f\u0103r\u0103 permisiunea autorilor. Ne puteti [&hellip;]<\/p>\n","protected":false},"author":2,"featured_media":0,"parent":0,"menu_order":0,"comment_status":"closed","ping_status":"closed","template":"","meta":{"_acf_changed":false,"footnotes":""},"class_list":["post-2754","page","type-page","status-publish","hentry"],"acf":[],"_links":{"self":[{"href":"https:\/\/votcorect.ro\/locale-2020\/wp-json\/wp\/v2\/pages\/2754","targetHints":{"allow":["GET"]}}],"collection":[{"href":"https:\/\/votcorect.ro\/locale-2020\/wp-json\/wp\/v2\/pages"}],"about":[{"href":"https:\/\/votcorect.ro\/locale-2020\/wp-json\/wp\/v2\/types\/page"}],"author":[{"embeddable":true,"href":"https:\/\/votcorect.ro\/locale-2020\/wp-json\/wp\/v2\/users\/2"}],"replies":[{"embeddable":true,"href":"https:\/\/votcorect.ro\/locale-2020\/wp-json\/wp\/v2\/comments?post=2754"}],"version-history":[{"count":12,"href":"https:\/\/votcorect.ro\/locale-2020\/wp-json\/wp\/v2\/pages\/2754\/revisions"}],"predecessor-version":[{"id":3958,"href":"https:\/\/votcorect.ro\/locale-2020\/wp-json\/wp\/v2\/pages\/2754\/revisions\/3958"}],"wp:attachment":[{"href":"https:\/\/votcorect.ro\/locale-2020\/wp-json\/wp\/v2\/media?parent=2754"}],"curies":[{"name":"wp","href":"https:\/\/api.w.org\/{rel}","templated":true}]}}