{"id":14,"date":"2024-01-28T08:15:54","date_gmt":"2024-01-28T08:15:54","guid":{"rendered":"https:\/\/votcorect.ro\/europarlamentare-2024\/?page_id=14"},"modified":"2024-04-30T13:09:53","modified_gmt":"2024-04-30T13:09:53","slug":"despre","status":"publish","type":"page","link":"https:\/\/votcorect.ro\/euro-locale-2024\/despre\/","title":{"rendered":"Despre VotCorect"},"content":{"rendered":"<p>Aceast\u0103 versiune a platformei este dezvoltat\u0103 de Asocia\u021bia Expert Forum \u00een cadrul proiectului\u00a0<a href=\"https:\/\/expertforum.ro\/alegeri-europarlamentare-participative-transparente\/\">Observare pentru alegeri europarlamentare corecte \u0219i transparente aici.\u00a0<\/a>\u00cen ultimii 10 ani, EFOR a construit \u0219i perfec\u021bionat o metodologie de observare cu impact \u00een ceea ce prive\u0219te alegerile. Am monitorizat alegerile \u00eenc\u0103 din 2014, am lansat rapoarte de monitorizare a acestora \u2013 al\u0103turi de al\u021bi parteneri din societatea civil\u0103 precum cei din Coali\u021bia FiecareVot, Coali\u021bia Politic\u0103 f\u0103r\u0103 Bariere sau Coali\u021bia Cod Electoral ACUM! \u2013 \u0219i am reu\u0219it pornind de la acestea s\u0103 contribuim la \u00eembun\u0103t\u0103\u021birea practicilor la toate tipurile de alegeri. C\u00e2teva exemple sunt reducerea num\u0103rului de semn\u0103turi pentru \u00eenfiin\u021barea unui partid, introducerea votului \u00een avans, prelungirea vot\u0103rii dup\u0103 ora 21 sau atragerea aten\u021biei asupra problemelor legate de finan\u021barea politic\u0103. <strong>Informa\u021biile culese de noi au fost folosite inclusiv de institu\u021bii sau de partide politice pentru a fundamenta proiecte de legi<\/strong>. \u00cen 2019, <a href=\"https:\/\/expertforum.ro\/raport-observare-europarlamentare-2019\">datele culese de EFOR \u0219i de parteneri cu ajutorul observatorilor<\/a> au fost prezentate la audierile parlamentare referitoare la integritatea alegerile \u0219i au contrazis public premisele nejustificate ale comisiei pentru investigarea fraudelor la europarlamentare. \u00cen cele din urm\u0103, s-a dovedit c\u0103 am avut dreptate \u0219i SIMPV nu fusese folosit incorect pentru modificarea rezultatelor. De asemenea, am lansat rapoarte tehnice tematice despre finan\u021barea campaniei, participarea femeilor la alegeri sau folosirea metodelor alternative de vot.<\/p>\n<p><strong>Dac\u0103 la alegerile locale din 2016 am lucrat cu 300 de observatori, la europarlamentarele din 2019 am colaborat cu peste 1300 de observatori, ca parte a Coali\u021biei FiecareVot.<\/strong> O parte semnificativ\u0103 dintre observatori particip\u0103 deja de mai mul\u021bi ani, \u00eens\u0103 la fiecare rund\u0103 nou\u0103 de alegeri s-au al\u0103turat alte persoane interesate. \u00cen cadrul alegerilor locale ne-am bucurat s\u0103 vedem peste 400 de observatori care, \u00een ciuda situa\u021biei epidemiologice, au decis fie s\u0103 revin\u0103 ca observatori, fie s\u0103 participe pentru prima dat\u0103.<\/p>\n<p>\u00cencep\u00e2nd cu alegerile locale, am f\u0103cut publice date privind observarea zilei alegerilor (furnizate de Code for Romania prin aplica\u021bia Monitorizare Vot), dar \u0219i Manualul Observatorului, care a fost folosit \u0219i de ter\u021bi.<\/p>\n<p><strong>Dup\u0103 fiecare dintre aceste alegeri am discutat cu institu\u021biile relevante pentru a \u00eembun\u0103t\u0103\u021bi procesul.<\/strong> \u0218i chiar dac\u0103 nu am reu\u0219it mereu \u2013 fiind la urma urmei, o decizie politic\u0103, vom continua s\u0103 lupt\u0103m pentru alegeri c\u00e2t mai corecte, competitive, inclusive \u0219i transparente. Rapoartele de monitorizare au avut un rol important \u00een evaluarea independent\u0103 a proceselor electorale, precum \u0219i la identificarea unor solu\u021bii care pot \u00eembun\u0103t\u0103\u021bi modul de organizare a alegerilor. <a href=\"https:\/\/expertforum.ro\/recomandari-electorale\/\">EFOR a construit \u0219i o baz\u0103 de date cu recomand\u0103ri<\/a>, pe care le va urm\u0103ri la toate procesele electorale viitoare pentru a se asigura c\u0103 acestea vor fi implementate. De asemenea, reac\u021biile rapide ale EFOR \u0219i organiza\u021biilor membre ale Coali\u021biei FiecareVot au avut deseori impact \u00eentruc\u00e2t au atras aten\u021bia public\u0103. Ne propunem ca prin intermediul unor astfel de reac\u021bii rapide \u0219i a raportului s\u0103 deschidem calea, prin negocieri cu deciden\u021bii, c\u0103tre reforma electoral\u0103.<\/p>\n<div class=\"textbox\">\n<p style=\"text-align: center;\">Pute\u021bi citi rapoartele noastre despre alegeri\u00a0<a href=\"https:\/\/expertforum.ro\/program\/procese-electorale\/\">aici<\/a>.<\/p>\n<\/div>\n<p>\u00cen 2024 ne propunem s\u0103 continu\u0103m observarea alegerilor \u0219i chiar s\u0103 ne extindem zonele pe care le acoperi mai detaliat, precum tehnologiile electorale, publicitatea online sau utilizarea datelor deschise \u00een procesul electoral. Ne vom uita la aspecte care au poten\u021bialul de a afecta semnificativ alegerile precum discursul extremist, dezinformarea sau extinderea campaniilor electorale \u00een online \u0219i modul de finan\u021bare a acestora. De asemenea, ne propunem s\u0103 colabor\u0103m cu organiza\u021biile interna\u021bionale care vor observa alegerile, precum OSCE\/ODIHR, pentru a \u00eemp\u0103rt\u0103\u0219i c\u00e2t mai mult din experien\u021ba \u0219i expertiza noastr\u0103.<\/p>\n<p>\u00cen 2024 vom acredita observatori al\u0103turi de partenerii din Coali\u021bia Votcorect &#8211; Centrul pentru Resurse Civice, Asocia\u021bia Civica, Centrul pentru Studiul Democra\u021biei, R\u0103d\u0103u\u021biul Civic \u0219i Observatorul Electoral.<\/p>\n<div class=\"textbox\">\n<p style=\"text-align: center;\">Pute\u021bi citi mai multe despre planurile noastre din 2024 <a href=\"https:\/\/expertforum.ro\/observare-alegeri-2024\/\">aici<\/a>.<\/p>\n<\/div>\n<p>Platforma\u00a0<a href=\"https:\/\/votcorect.ro\/\">Vot Corect<\/a>\u00a0este administrat\u0103 de\u00a0<a href=\"https:\/\/expertforum.ro\/\">Asocia\u021bia Expert Forum.\u00a0<\/a><br \/>\nAutori texte:\u00a0<em>Septimius P\u00e2rvu, Laura \u0218tefan, Eric Iliescu<\/em>; Dezvoltare platform\u0103:\u00a0<em>Alexandru Popescu<\/em><\/p>\n<p><small>Pentru orice comentarii sau \u00eentreb\u0103ri, ne pute\u021bi contacta la\u00a0<a href=\"mailto:septimius.parvu@expertforum.ro\">septimius.parvu@expertforum.ro<\/a>\u00a0\/\u00a0\u00a0<a href=\"tel:0787638315\">0787.638.315<\/a>.<\/small><\/p>\n<p>&nbsp;<\/p>\n<p><img loading=\"lazy\" decoding=\"async\" class=\"alignnone wp-image-15767\" src=\"https:\/\/expertforum.ro\/wp-content\/uploads\/2023\/12\/EN_Co-fundedbytheEU_RGB_Monochrome-600x134.png\" sizes=\"auto, (max-width: 345px) 100vw, 345px\" srcset=\"https:\/\/expertforum.ro\/wp-content\/uploads\/2023\/12\/EN_Co-fundedbytheEU_RGB_Monochrome-600x134.png 600w, https:\/\/expertforum.ro\/wp-content\/uploads\/2023\/12\/EN_Co-fundedbytheEU_RGB_Monochrome-1024x228.png 1024w, https:\/\/expertforum.ro\/wp-content\/uploads\/2023\/12\/EN_Co-fundedbytheEU_RGB_Monochrome-768x171.png 768w, https:\/\/expertforum.ro\/wp-content\/uploads\/2023\/12\/EN_Co-fundedbytheEU_RGB_Monochrome-1536x343.png 1536w, https:\/\/expertforum.ro\/wp-content\/uploads\/2023\/12\/EN_Co-fundedbytheEU_RGB_Monochrome-2048x457.png 2048w\" alt=\"\" width=\"345\" height=\"77\" \/><\/p>\n<div dir=\"ltr\">\n<div class=\"gmail_default\">\n<p><i>Proiectul <a href=\"https:\/\/expertforum.ro\/alegeri-europarlamentare-participative-transparente\/\">Observare pentru alegeri europarlamentare corecte \u0219i transparente<\/a> este cofinan\u021bat de Uniunea European\u0103. Opiniile exprimate apar\u021bin autorilor \u0219i nu reflect\u0103 neap\u0103rat cele ale Uniunii Europene sau ale Agen\u021biei Executive Europene pentru Educa\u021bie \u0219i Cultur\u0103 (EACEA). Nici Uniunea European\u0103 \u0219i nici autoritatea care acord\u0103 finan\u021barea nu pot fi considerate responsabile pentru acestea.<\/i><\/p>\n<\/div>\n<\/div>\n","protected":false},"excerpt":{"rendered":"<p>Aceast\u0103 versiune a platformei este dezvoltat\u0103 de Asocia\u021bia Expert Forum \u00een cadrul proiectului\u00a0Observare pentru alegeri europarlamentare corecte \u0219i transparente aici.\u00a0\u00cen ultimii 10 ani, EFOR a construit \u0219i perfec\u021bionat o metodologie de observare cu impact \u00een ceea ce prive\u0219te alegerile. Am monitorizat alegerile \u00eenc\u0103 din 2014, am lansat rapoarte de monitorizare a acestora \u2013 al\u0103turi de [&hellip;]<\/p>\n","protected":false},"author":2,"featured_media":0,"parent":0,"menu_order":0,"comment_status":"closed","ping_status":"closed","template":"","meta":{"_acf_changed":false,"footnotes":""},"class_list":["post-14","page","type-page","status-publish","hentry"],"acf":[],"_links":{"self":[{"href":"https:\/\/votcorect.ro\/euro-locale-2024\/wp-json\/wp\/v2\/pages\/14","targetHints":{"allow":["GET"]}}],"collection":[{"href":"https:\/\/votcorect.ro\/euro-locale-2024\/wp-json\/wp\/v2\/pages"}],"about":[{"href":"https:\/\/votcorect.ro\/euro-locale-2024\/wp-json\/wp\/v2\/types\/page"}],"author":[{"embeddable":true,"href":"https:\/\/votcorect.ro\/euro-locale-2024\/wp-json\/wp\/v2\/users\/2"}],"replies":[{"embeddable":true,"href":"https:\/\/votcorect.ro\/euro-locale-2024\/wp-json\/wp\/v2\/comments?post=14"}],"version-history":[{"count":15,"href":"https:\/\/votcorect.ro\/euro-locale-2024\/wp-json\/wp\/v2\/pages\/14\/revisions"}],"predecessor-version":[{"id":2697,"href":"https:\/\/votcorect.ro\/euro-locale-2024\/wp-json\/wp\/v2\/pages\/14\/revisions\/2697"}],"wp:attachment":[{"href":"https:\/\/votcorect.ro\/euro-locale-2024\/wp-json\/wp\/v2\/media?parent=14"}],"curies":[{"name":"wp","href":"https:\/\/api.w.org\/{rel}","templated":true}]}}